{"id":1199,"date":"2022-06-28T16:07:36","date_gmt":"2022-06-28T16:07:36","guid":{"rendered":"https:\/\/www.granderealsantaeulalia.realhotelsgroup.com\/?page_id=1199"},"modified":"2025-09-26T17:42:13","modified_gmt":"2025-09-26T17:42:13","slug":"le-club-algarve","status":"publish","type":"page","link":"https:\/\/www.granderealsantaeulalia.realhotelsgroup.com\/pt-pt\/restaurantes-e-bares\/le-club-algarve\/","title":{"rendered":"Le Club Algarve"},"content":{"rendered":"<h2>O destino perfeito para os amantes de sushi, cortes de carne suculentos e entusiastas da vida noturna em Albufeira<\/h2>\n<p><strong><br \/>\nO Le Club Algarve est\u00e1 de volta!<\/strong> Este ver\u00e3o, mergulhe numa experi\u00eancia gastron\u00f3mica e de entretenimento \u00fanica, onde o sushi fresco e tradicional, este ano, funde-se com a melhor steakhouse da regi\u00e3o.<\/p>\n<p><strong>Cen\u00e1rios deslumbrantes para uma refei\u00e7\u00e3o memor\u00e1vel<\/strong><br \/>\nDesfrute de uma refei\u00e7\u00e3o ao ar livre na nossa zona de jantar exterior, com vistas panor\u00e2micas para a deslumbrante Praia de Santa Eul\u00e1lia. Para uma experi\u00eancia mais \u00edntima, explore o nosso espa\u00e7o interior, igualmente com vista para o mar, proporcionando uma atmosfera envolvente e exclusiva.<\/p>\n<p><strong>Explore o melhor de dois mundos: East meets West<\/strong><br \/>\nEste ver\u00e3o, convidamos a explorar a nova carta, que combina o melhor do sushi tradicional com os cortes mais suculentos de uma verdadeira steakhouse. Desde os cl\u00e1ssicos rolos de sushi at\u00e9 aos pratos de carne preparados com maestria, e pela supervis\u00e3o do nosso Chef Celso Padeiro, cada iguaria \u00e9 uma celebra\u00e7\u00e3o dos sabores mais requintados.<\/p>\n<p><strong>Noites de Ver\u00e3o inesquec\u00edveis<\/strong><br \/>\nPrepare-se para noites de ver\u00e3o inesquec\u00edveis, onde o nosso DJ Z\u00e9 Black, e convidados, prometem criar um ambiente vibrante com m\u00fasica e um mood perfeito para acompanhar um final de noite m\u00e1gico \u00e0 beira mar.<\/p>\n<p><strong>Espa\u00e7os para Eventos<br \/>\n<\/strong>No Le Club Algarve, promovemos eventos que se transformam em experi\u00eancias \u00fanicas, reunindo sofistica\u00e7\u00e3o, vistas deslumbrantes e um servi\u00e7o de excel\u00eancia. Disponibilizamos tr\u00eas espa\u00e7os exclusivos e personaliz\u00e1veis \u2013 o lounge panor\u00e2mico, o terra\u00e7o \u00e0 beira-mar e uma sala de jantar privada \u2013 todos com vista para o mar e acesso direto \u00e0 praia de Santa Eul\u00e1lia.<\/p>\n<p>Seja para um evento corporativo, casamento ou celebra\u00e7\u00e3o privada, cada detalhe \u00e9 pensado para transformar a sua vis\u00e3o numa experi\u00eancia memor\u00e1vel, desde a decora\u00e7\u00e3o elegante at\u00e9 \u00e0 anima\u00e7\u00e3o inesquec\u00edvel.<\/p>\n<p>\u200bA nossa equipa dedica-se a oferecer experi\u00eancias gastron\u00f3micas excepcionais, com menus requintados elaborados pelos nossos Chefs, que utilizam os melhores ingredientes locais. Com pacotes &#8220;chave na m\u00e3o&#8221; que abrangem buffets gourmet e menus personalizados \u00e0 la carte, o Le Club Algarve garante que cada evento seja verdadeiramente inesquec\u00edvel, proporcionando momentos de pura eleg\u00e2ncia, exclusividade e emo\u00e7\u00e3o.<\/p>\n","protected":false},"excerpt":{"rendered":"<p>O destino perfeito para os amantes de sushi, cortes de carne suculentos e entusiastas da vida noturna em Albufeira O Le Club Algarve est\u00e1 de volta! Este ver\u00e3o, mergulhe numa experi\u00eancia gastron\u00f3mica e de entretenimento \u00fanica, onde o sushi fresco e tradicional, este ano, funde-se com a melhor steakhouse da regi\u00e3o. Cen\u00e1rios deslumbrantes para uma [&hellip;]<\/p>\n","protected":false},"author":241,"featured_media":1194,"parent":176,"menu_order":5,"comment_status":"closed","ping_status":"closed","template":"template-restaurant.php","meta":{"footnotes":""},"class_list":["post-1199","page","type-page","status-publish","has-post-thumbnail","hentry"],"yoast_head":"<!-- This site is optimized with the Yoast SEO plugin v26.9 - https:\/\/yoast.com\/product\/yoast-seo-wordpress\/ -->\n<title>Le Club Algarve - Grande Real Santa Eul\u00e1lia Resort &amp; Hotel Spa<\/title>\n<meta name=\"robots\" content=\"index, follow, max-snippet:-1, max-image-preview:large, max-video-preview:-1\" \/>\n<link rel=\"canonical\" href=\"https:\/\/www.granderealsantaeulalia.realhotelsgroup.com\/pt-pt\/restaurantes-e-bares\/le-club-algarve\/\" \/>\n<meta property=\"og:locale\" content=\"pt_PT\" \/>\n<meta property=\"og:type\" content=\"article\" \/>\n<meta property=\"og:title\" content=\"Le Club Algarve - Grande Real Santa Eul\u00e1lia Resort &amp; Hotel Spa\" \/>\n<meta property=\"og:description\" content=\"O destino perfeito para os amantes de sushi, cortes de carne suculentos e entusiastas da vida noturna em Albufeira O Le Club Algarve est\u00e1 de volta! Este ver\u00e3o, mergulhe numa experi\u00eancia gastron\u00f3mica e de entretenimento \u00fanica, onde o sushi fresco e tradicional, este ano, funde-se com a melhor steakhouse da regi\u00e3o. Cen\u00e1rios deslumbrantes para uma [&hellip;]\" \/>\n<meta property=\"og:url\" content=\"https:\/\/www.granderealsantaeulalia.realhotelsgroup.com\/pt-pt\/restaurantes-e-bares\/le-club-algarve\/\" \/>\n<meta property=\"og:site_name\" content=\"Grande Real Santa Eul\u00e1lia Resort &amp; Hotel Spa\" \/>\n<meta property=\"article:modified_time\" content=\"2025-09-26T17:42:13+00:00\" \/>\n<meta property=\"og:image\" content=\"https:\/\/www.granderealsantaeulalia.realhotelsgroup.com\/wp-content\/uploads\/sites\/228\/2022\/06\/Le-Club-Sushi-Disco-Restaurante-Albufeira-01.jpg\" \/>\n\t<meta property=\"og:image:width\" content=\"1800\" \/>\n\t<meta property=\"og:image:height\" content=\"1200\" \/>\n\t<meta property=\"og:image:type\" content=\"image\/jpeg\" \/>\n<meta name=\"twitter:card\" content=\"summary_large_image\" \/>\n<meta name=\"twitter:label1\" content=\"Tempo estimado de leitura\" \/>\n\t<meta name=\"twitter:data1\" content=\"2 minutos\" \/>\n<script type=\"application\/ld+json\" class=\"yoast-schema-graph\">{\"@context\":\"https:\/\/schema.org\",\"@graph\":[{\"@type\":\"WebPage\",\"@id\":\"https:\/\/www.granderealsantaeulalia.realhotelsgroup.com\/pt-pt\/restaurantes-e-bares\/le-club-algarve\/\",\"url\":\"https:\/\/www.granderealsantaeulalia.realhotelsgroup.com\/pt-pt\/restaurantes-e-bares\/le-club-algarve\/\",\"name\":\"Le Club Algarve - Grande Real Santa Eul\u00e1lia Resort & Hotel Spa\",\"isPartOf\":{\"@id\":\"https:\/\/www.granderealsantaeulalia.realhotelsgroup.com\/pt-pt\/#website\"},\"primaryImageOfPage\":{\"@id\":\"https:\/\/www.granderealsantaeulalia.realhotelsgroup.com\/pt-pt\/restaurantes-e-bares\/le-club-algarve\/#primaryimage\"},\"image\":{\"@id\":\"https:\/\/www.granderealsantaeulalia.realhotelsgroup.com\/pt-pt\/restaurantes-e-bares\/le-club-algarve\/#primaryimage\"},\"thumbnailUrl\":\"https:\/\/www.granderealsantaeulalia.realhotelsgroup.com\/wp-content\/uploads\/sites\/228\/2022\/06\/Le-Club-Sushi-Disco-Restaurante-Albufeira-01.jpg\",\"datePublished\":\"2022-06-28T16:07:36+00:00\",\"dateModified\":\"2025-09-26T17:42:13+00:00\",\"breadcrumb\":{\"@id\":\"https:\/\/www.granderealsantaeulalia.realhotelsgroup.com\/pt-pt\/restaurantes-e-bares\/le-club-algarve\/#breadcrumb\"},\"inLanguage\":\"pt-PT\",\"potentialAction\":[{\"@type\":\"ReadAction\",\"target\":[\"https:\/\/www.granderealsantaeulalia.realhotelsgroup.com\/pt-pt\/restaurantes-e-bares\/le-club-algarve\/\"]}]},{\"@type\":\"ImageObject\",\"inLanguage\":\"pt-PT\",\"@id\":\"https:\/\/www.granderealsantaeulalia.realhotelsgroup.com\/pt-pt\/restaurantes-e-bares\/le-club-algarve\/#primaryimage\",\"url\":\"https:\/\/www.granderealsantaeulalia.realhotelsgroup.com\/wp-content\/uploads\/sites\/228\/2022\/06\/Le-Club-Sushi-Disco-Restaurante-Albufeira-01.jpg\",\"contentUrl\":\"https:\/\/www.granderealsantaeulalia.realhotelsgroup.com\/wp-content\/uploads\/sites\/228\/2022\/06\/Le-Club-Sushi-Disco-Restaurante-Albufeira-01.jpg\",\"width\":1800,\"height\":1200,\"caption\":\"en::Le Club Sushi &amp; Disco pt-pt::Le Club Sushi &amp; Disco\"},{\"@type\":\"BreadcrumbList\",\"@id\":\"https:\/\/www.granderealsantaeulalia.realhotelsgroup.com\/pt-pt\/restaurantes-e-bares\/le-club-algarve\/#breadcrumb\",\"itemListElement\":[{\"@type\":\"ListItem\",\"position\":1,\"name\":\"Home\",\"item\":\"https:\/\/www.granderealsantaeulalia.realhotelsgroup.com\/pt-pt\/\"},{\"@type\":\"ListItem\",\"position\":2,\"name\":\"Restaurantes e Bares\",\"item\":\"https:\/\/www.granderealsantaeulalia.realhotelsgroup.com\/pt-pt\/restaurantes-e-bares\/\"},{\"@type\":\"ListItem\",\"position\":3,\"name\":\"Le Club Algarve\"}]},{\"@type\":\"WebSite\",\"@id\":\"https:\/\/www.granderealsantaeulalia.realhotelsgroup.com\/pt-pt\/#website\",\"url\":\"https:\/\/www.granderealsantaeulalia.realhotelsgroup.com\/pt-pt\/\",\"name\":\"Grande Real Santa Eul\u00e1lia Resort & Hotel Spa\",\"description\":\"Just another ms.decms.eu site\",\"potentialAction\":[{\"@type\":\"SearchAction\",\"target\":{\"@type\":\"EntryPoint\",\"urlTemplate\":\"https:\/\/www.granderealsantaeulalia.realhotelsgroup.com\/pt-pt\/?s={search_term_string}\"},\"query-input\":{\"@type\":\"PropertyValueSpecification\",\"valueRequired\":true,\"valueName\":\"search_term_string\"}}],\"inLanguage\":\"pt-PT\"}]}<\/script>\n<!-- \/ Yoast SEO plugin. -->","yoast_head_json":{"title":"Le Club Algarve - Grande Real Santa Eul\u00e1lia Resort & Hotel Spa","robots":{"index":"index","follow":"follow","max-snippet":"max-snippet:-1","max-image-preview":"max-image-preview:large","max-video-preview":"max-video-preview:-1"},"canonical":"https:\/\/www.granderealsantaeulalia.realhotelsgroup.com\/pt-pt\/restaurantes-e-bares\/le-club-algarve\/","og_locale":"pt_PT","og_type":"article","og_title":"Le Club Algarve - Grande Real Santa Eul\u00e1lia Resort & Hotel Spa","og_description":"O destino perfeito para os amantes de sushi, cortes de carne suculentos e entusiastas da vida noturna em Albufeira O Le Club Algarve est\u00e1 de volta! Este ver\u00e3o, mergulhe numa experi\u00eancia gastron\u00f3mica e de entretenimento \u00fanica, onde o sushi fresco e tradicional, este ano, funde-se com a melhor steakhouse da regi\u00e3o. Cen\u00e1rios deslumbrantes para uma [&hellip;]","og_url":"https:\/\/www.granderealsantaeulalia.realhotelsgroup.com\/pt-pt\/restaurantes-e-bares\/le-club-algarve\/","og_site_name":"Grande Real Santa Eul\u00e1lia Resort & Hotel Spa","article_modified_time":"2025-09-26T17:42:13+00:00","og_image":[{"width":1800,"height":1200,"url":"https:\/\/www.granderealsantaeulalia.realhotelsgroup.com\/wp-content\/uploads\/sites\/228\/2022\/06\/Le-Club-Sushi-Disco-Restaurante-Albufeira-01.jpg","type":"image\/jpeg"}],"twitter_card":"summary_large_image","twitter_misc":{"Tempo estimado de leitura":"2 minutos"},"schema":{"@context":"https:\/\/schema.org","@graph":[{"@type":"WebPage","@id":"https:\/\/www.granderealsantaeulalia.realhotelsgroup.com\/pt-pt\/restaurantes-e-bares\/le-club-algarve\/","url":"https:\/\/www.granderealsantaeulalia.realhotelsgroup.com\/pt-pt\/restaurantes-e-bares\/le-club-algarve\/","name":"Le Club Algarve - Grande Real Santa Eul\u00e1lia Resort & Hotel Spa","isPartOf":{"@id":"https:\/\/www.granderealsantaeulalia.realhotelsgroup.com\/pt-pt\/#website"},"primaryImageOfPage":{"@id":"https:\/\/www.granderealsantaeulalia.realhotelsgroup.com\/pt-pt\/restaurantes-e-bares\/le-club-algarve\/#primaryimage"},"image":{"@id":"https:\/\/www.granderealsantaeulalia.realhotelsgroup.com\/pt-pt\/restaurantes-e-bares\/le-club-algarve\/#primaryimage"},"thumbnailUrl":"https:\/\/www.granderealsantaeulalia.realhotelsgroup.com\/wp-content\/uploads\/sites\/228\/2022\/06\/Le-Club-Sushi-Disco-Restaurante-Albufeira-01.jpg","datePublished":"2022-06-28T16:07:36+00:00","dateModified":"2025-09-26T17:42:13+00:00","breadcrumb":{"@id":"https:\/\/www.granderealsantaeulalia.realhotelsgroup.com\/pt-pt\/restaurantes-e-bares\/le-club-algarve\/#breadcrumb"},"inLanguage":"pt-PT","potentialAction":[{"@type":"ReadAction","target":["https:\/\/www.granderealsantaeulalia.realhotelsgroup.com\/pt-pt\/restaurantes-e-bares\/le-club-algarve\/"]}]},{"@type":"ImageObject","inLanguage":"pt-PT","@id":"https:\/\/www.granderealsantaeulalia.realhotelsgroup.com\/pt-pt\/restaurantes-e-bares\/le-club-algarve\/#primaryimage","url":"https:\/\/www.granderealsantaeulalia.realhotelsgroup.com\/wp-content\/uploads\/sites\/228\/2022\/06\/Le-Club-Sushi-Disco-Restaurante-Albufeira-01.jpg","contentUrl":"https:\/\/www.granderealsantaeulalia.realhotelsgroup.com\/wp-content\/uploads\/sites\/228\/2022\/06\/Le-Club-Sushi-Disco-Restaurante-Albufeira-01.jpg","width":1800,"height":1200,"caption":"en::Le Club Sushi &amp; Disco pt-pt::Le Club Sushi &amp; Disco"},{"@type":"BreadcrumbList","@id":"https:\/\/www.granderealsantaeulalia.realhotelsgroup.com\/pt-pt\/restaurantes-e-bares\/le-club-algarve\/#breadcrumb","itemListElement":[{"@type":"ListItem","position":1,"name":"Home","item":"https:\/\/www.granderealsantaeulalia.realhotelsgroup.com\/pt-pt\/"},{"@type":"ListItem","position":2,"name":"Restaurantes e Bares","item":"https:\/\/www.granderealsantaeulalia.realhotelsgroup.com\/pt-pt\/restaurantes-e-bares\/"},{"@type":"ListItem","position":3,"name":"Le Club Algarve"}]},{"@type":"WebSite","@id":"https:\/\/www.granderealsantaeulalia.realhotelsgroup.com\/pt-pt\/#website","url":"https:\/\/www.granderealsantaeulalia.realhotelsgroup.com\/pt-pt\/","name":"Grande Real Santa Eul\u00e1lia Resort & Hotel Spa","description":"Just another ms.decms.eu site","potentialAction":[{"@type":"SearchAction","target":{"@type":"EntryPoint","urlTemplate":"https:\/\/www.granderealsantaeulalia.realhotelsgroup.com\/pt-pt\/?s={search_term_string}"},"query-input":{"@type":"PropertyValueSpecification","valueRequired":true,"valueName":"search_term_string"}}],"inLanguage":"pt-PT"}]}},"acf":[],"_links":{"self":[{"href":"https:\/\/www.granderealsantaeulalia.realhotelsgroup.com\/pt-pt\/wp-json\/wp\/v2\/pages\/1199","targetHints":{"allow":["GET"]}}],"collection":[{"href":"https:\/\/www.granderealsantaeulalia.realhotelsgroup.com\/pt-pt\/wp-json\/wp\/v2\/pages"}],"about":[{"href":"https:\/\/www.granderealsantaeulalia.realhotelsgroup.com\/pt-pt\/wp-json\/wp\/v2\/types\/page"}],"author":[{"embeddable":true,"href":"https:\/\/www.granderealsantaeulalia.realhotelsgroup.com\/pt-pt\/wp-json\/wp\/v2\/users\/241"}],"replies":[{"embeddable":true,"href":"https:\/\/www.granderealsantaeulalia.realhotelsgroup.com\/pt-pt\/wp-json\/wp\/v2\/comments?post=1199"}],"version-history":[{"count":0,"href":"https:\/\/www.granderealsantaeulalia.realhotelsgroup.com\/pt-pt\/wp-json\/wp\/v2\/pages\/1199\/revisions"}],"up":[{"embeddable":true,"href":"https:\/\/www.granderealsantaeulalia.realhotelsgroup.com\/pt-pt\/wp-json\/wp\/v2\/pages\/176"}],"wp:featuredmedia":[{"embeddable":true,"href":"https:\/\/www.granderealsantaeulalia.realhotelsgroup.com\/pt-pt\/wp-json\/wp\/v2\/media\/1194"}],"wp:attachment":[{"href":"https:\/\/www.granderealsantaeulalia.realhotelsgroup.com\/pt-pt\/wp-json\/wp\/v2\/media?parent=1199"}],"curies":[{"name":"wp","href":"https:\/\/api.w.org\/{rel}","templated":true}]}}