{"id":1469,"date":"2022-11-15T11:51:29","date_gmt":"2022-11-15T11:51:29","guid":{"rendered":"https:\/\/www.granderealsantaeulalia.realhotelsgroup.com\/?page_id=1469"},"modified":"2025-09-05T10:19:10","modified_gmt":"2025-09-05T10:19:10","slug":"real-bar","status":"publish","type":"page","link":"https:\/\/www.granderealsantaeulalia.realhotelsgroup.com\/pt-pt\/restaurantes-e-bares\/real-bar\/","title":{"rendered":"Real Bar"},"content":{"rendered":"<p><strong>Experi\u00eancia \u00danica com Vista para o Mar<\/strong><br \/>\nLocalizado no cora\u00e7\u00e3o do <strong>Grande Real Santa Eul\u00e1lia Resort &amp; Hotel Spa<\/strong>, em <strong>Albufeira<\/strong>, o <strong>Real Bar<\/strong> oferece uma experi\u00eancia inesquec\u00edvel com uma deslumbrante vista para a praia de Santa Eul\u00e1lia. O ambiente \u00e9 perfeito para relaxar e desfrutar de momentos \u00fanicos, seja com amigos, fam\u00edlia ou em casal.<\/p>\n<p><strong>Cocktails Frescos e Vibrantes<\/strong><br \/>\nO Real Bar \u00e9 conhecido pelos seus <strong>cocktails frescos e vibrantes<\/strong>, preparados com ingredientes de alta qualidade que refletem o esp\u00edrito do ver\u00e3o e a frescura do Algarve. Experimente as combina\u00e7\u00f5es inovadoras e refrescantes que fazem do nosso bar o ponto de encontro ideal.<\/p>\n<p><strong>Sushi de Assinatura e Cl\u00e1ssicos<\/strong><br \/>\nAgora com uma carta de Sushi, trazemos a fus\u00e3o perfeita de sabores frescos e inovadores. Al\u00e9m dos cl\u00e1ssicos, oferecemos algumas op\u00e7\u00f5es \u00fanicas de assinatura, criadas especialmente para surpreender os paladares mais exigentes.<\/p>\n<p><strong>Op\u00e7\u00f5es Leves e Deliciosas para Todos os Gostos<\/strong><br \/>\nA nossa carta tamb\u00e9m inclui uma grande variedade de <strong>saladas frescas<\/strong>, <strong>snacks<\/strong> saborosos e <strong>sobremesas<\/strong> irresist\u00edveis, perfeitas para acompanhar a sua bebida ou para um almo\u00e7o leve. Cada prato \u00e9 preparado com aten\u00e7\u00e3o aos detalhes, garantindo uma refei\u00e7\u00e3o saud\u00e1vel e deliciosa.<\/p>\n<p><strong>M\u00fasica ao Vivo para Acompanhar o Final do Dia<\/strong><br \/>\nA partir de abril, \u00e0s segundas, quartas, sextas e s\u00e1bados, a partir das 20h30, o Real Bar ganha ainda mais vida com atua\u00e7\u00f5es de m\u00fasica ao vivo. Desfrute da sua bebida favorita, de um sushi de excel\u00eancia e da melhor vista, ao som de uma banda sonora perfeita para encerrar o dia em grande estilo.<\/p>\n","protected":false},"excerpt":{"rendered":"<p>Experi\u00eancia \u00danica com Vista para o Mar Localizado no cora\u00e7\u00e3o do Grande Real Santa Eul\u00e1lia Resort &amp; Hotel Spa, em Albufeira, o Real Bar oferece uma experi\u00eancia inesquec\u00edvel com uma deslumbrante vista para a praia de Santa Eul\u00e1lia. O ambiente \u00e9 perfeito para relaxar e desfrutar de momentos \u00fanicos, seja com amigos, fam\u00edlia ou em [&hellip;]<\/p>\n","protected":false},"author":241,"featured_media":174,"parent":176,"menu_order":1,"comment_status":"closed","ping_status":"closed","template":"template-restaurant.php","meta":{"footnotes":""},"class_list":["post-1469","page","type-page","status-publish","has-post-thumbnail","hentry"],"yoast_head":"<!-- This site is optimized with the Yoast SEO plugin v26.9 - https:\/\/yoast.com\/product\/yoast-seo-wordpress\/ -->\n<title>Real Bar - Grande Real Santa Eul\u00e1lia Resort &amp; Hotel Spa<\/title>\n<meta name=\"robots\" content=\"index, follow, max-snippet:-1, max-image-preview:large, max-video-preview:-1\" \/>\n<link rel=\"canonical\" href=\"https:\/\/www.granderealsantaeulalia.realhotelsgroup.com\/pt-pt\/restaurantes-e-bares\/real-bar\/\" \/>\n<meta property=\"og:locale\" content=\"pt_PT\" \/>\n<meta property=\"og:type\" content=\"article\" \/>\n<meta property=\"og:title\" content=\"Real Bar - Grande Real Santa Eul\u00e1lia Resort &amp; Hotel Spa\" \/>\n<meta property=\"og:description\" content=\"Experi\u00eancia \u00danica com Vista para o Mar Localizado no cora\u00e7\u00e3o do Grande Real Santa Eul\u00e1lia Resort &amp; Hotel Spa, em Albufeira, o Real Bar oferece uma experi\u00eancia inesquec\u00edvel com uma deslumbrante vista para a praia de Santa Eul\u00e1lia. O ambiente \u00e9 perfeito para relaxar e desfrutar de momentos \u00fanicos, seja com amigos, fam\u00edlia ou em [&hellip;]\" \/>\n<meta property=\"og:url\" content=\"https:\/\/www.granderealsantaeulalia.realhotelsgroup.com\/pt-pt\/restaurantes-e-bares\/real-bar\/\" \/>\n<meta property=\"og:site_name\" content=\"Grande Real Santa Eul\u00e1lia Resort &amp; Hotel Spa\" \/>\n<meta property=\"article:modified_time\" content=\"2025-09-05T10:19:10+00:00\" \/>\n<meta property=\"og:image\" content=\"https:\/\/www.granderealsantaeulalia.realhotelsgroup.com\/wp-content\/uploads\/sites\/228\/2020\/11\/grande-real-santa-eulalia-albufeira-real-bar-steakhouse2_slide02.jpg\" \/>\n\t<meta property=\"og:image:width\" content=\"1797\" \/>\n\t<meta property=\"og:image:height\" content=\"1200\" \/>\n\t<meta property=\"og:image:type\" content=\"image\/jpeg\" \/>\n<meta name=\"twitter:card\" content=\"summary_large_image\" \/>\n<meta name=\"twitter:label1\" content=\"Tempo estimado de leitura\" \/>\n\t<meta name=\"twitter:data1\" content=\"2 minutos\" \/>\n<script type=\"application\/ld+json\" class=\"yoast-schema-graph\">{\"@context\":\"https:\/\/schema.org\",\"@graph\":[{\"@type\":\"WebPage\",\"@id\":\"https:\/\/www.granderealsantaeulalia.realhotelsgroup.com\/pt-pt\/restaurantes-e-bares\/real-bar\/\",\"url\":\"https:\/\/www.granderealsantaeulalia.realhotelsgroup.com\/pt-pt\/restaurantes-e-bares\/real-bar\/\",\"name\":\"Real Bar - Grande Real Santa Eul\u00e1lia Resort & Hotel Spa\",\"isPartOf\":{\"@id\":\"https:\/\/www.granderealsantaeulalia.realhotelsgroup.com\/pt-pt\/#website\"},\"primaryImageOfPage\":{\"@id\":\"https:\/\/www.granderealsantaeulalia.realhotelsgroup.com\/pt-pt\/restaurantes-e-bares\/real-bar\/#primaryimage\"},\"image\":{\"@id\":\"https:\/\/www.granderealsantaeulalia.realhotelsgroup.com\/pt-pt\/restaurantes-e-bares\/real-bar\/#primaryimage\"},\"thumbnailUrl\":\"https:\/\/www.granderealsantaeulalia.realhotelsgroup.com\/wp-content\/uploads\/sites\/228\/2020\/11\/grande-real-santa-eulalia-albufeira-real-bar-steakhouse2_slide02.jpg\",\"datePublished\":\"2022-11-15T11:51:29+00:00\",\"dateModified\":\"2025-09-05T10:19:10+00:00\",\"breadcrumb\":{\"@id\":\"https:\/\/www.granderealsantaeulalia.realhotelsgroup.com\/pt-pt\/restaurantes-e-bares\/real-bar\/#breadcrumb\"},\"inLanguage\":\"pt-PT\",\"potentialAction\":[{\"@type\":\"ReadAction\",\"target\":[\"https:\/\/www.granderealsantaeulalia.realhotelsgroup.com\/pt-pt\/restaurantes-e-bares\/real-bar\/\"]}]},{\"@type\":\"ImageObject\",\"inLanguage\":\"pt-PT\",\"@id\":\"https:\/\/www.granderealsantaeulalia.realhotelsgroup.com\/pt-pt\/restaurantes-e-bares\/real-bar\/#primaryimage\",\"url\":\"https:\/\/www.granderealsantaeulalia.realhotelsgroup.com\/wp-content\/uploads\/sites\/228\/2020\/11\/grande-real-santa-eulalia-albufeira-real-bar-steakhouse2_slide02.jpg\",\"contentUrl\":\"https:\/\/www.granderealsantaeulalia.realhotelsgroup.com\/wp-content\/uploads\/sites\/228\/2020\/11\/grande-real-santa-eulalia-albufeira-real-bar-steakhouse2_slide02.jpg\",\"width\":1797,\"height\":1200},{\"@type\":\"BreadcrumbList\",\"@id\":\"https:\/\/www.granderealsantaeulalia.realhotelsgroup.com\/pt-pt\/restaurantes-e-bares\/real-bar\/#breadcrumb\",\"itemListElement\":[{\"@type\":\"ListItem\",\"position\":1,\"name\":\"Home\",\"item\":\"https:\/\/www.granderealsantaeulalia.realhotelsgroup.com\/pt-pt\/\"},{\"@type\":\"ListItem\",\"position\":2,\"name\":\"Restaurantes e Bares\",\"item\":\"https:\/\/www.granderealsantaeulalia.realhotelsgroup.com\/pt-pt\/restaurantes-e-bares\/\"},{\"@type\":\"ListItem\",\"position\":3,\"name\":\"Real Bar\"}]},{\"@type\":\"WebSite\",\"@id\":\"https:\/\/www.granderealsantaeulalia.realhotelsgroup.com\/pt-pt\/#website\",\"url\":\"https:\/\/www.granderealsantaeulalia.realhotelsgroup.com\/pt-pt\/\",\"name\":\"Grande Real Santa Eul\u00e1lia Resort & Hotel Spa\",\"description\":\"Just another ms.decms.eu site\",\"potentialAction\":[{\"@type\":\"SearchAction\",\"target\":{\"@type\":\"EntryPoint\",\"urlTemplate\":\"https:\/\/www.granderealsantaeulalia.realhotelsgroup.com\/pt-pt\/?s={search_term_string}\"},\"query-input\":{\"@type\":\"PropertyValueSpecification\",\"valueRequired\":true,\"valueName\":\"search_term_string\"}}],\"inLanguage\":\"pt-PT\"}]}<\/script>\n<!-- \/ Yoast SEO plugin. -->","yoast_head_json":{"title":"Real Bar - Grande Real Santa Eul\u00e1lia Resort & Hotel Spa","robots":{"index":"index","follow":"follow","max-snippet":"max-snippet:-1","max-image-preview":"max-image-preview:large","max-video-preview":"max-video-preview:-1"},"canonical":"https:\/\/www.granderealsantaeulalia.realhotelsgroup.com\/pt-pt\/restaurantes-e-bares\/real-bar\/","og_locale":"pt_PT","og_type":"article","og_title":"Real Bar - Grande Real Santa Eul\u00e1lia Resort & Hotel Spa","og_description":"Experi\u00eancia \u00danica com Vista para o Mar Localizado no cora\u00e7\u00e3o do Grande Real Santa Eul\u00e1lia Resort &amp; Hotel Spa, em Albufeira, o Real Bar oferece uma experi\u00eancia inesquec\u00edvel com uma deslumbrante vista para a praia de Santa Eul\u00e1lia. O ambiente \u00e9 perfeito para relaxar e desfrutar de momentos \u00fanicos, seja com amigos, fam\u00edlia ou em [&hellip;]","og_url":"https:\/\/www.granderealsantaeulalia.realhotelsgroup.com\/pt-pt\/restaurantes-e-bares\/real-bar\/","og_site_name":"Grande Real Santa Eul\u00e1lia Resort & Hotel Spa","article_modified_time":"2025-09-05T10:19:10+00:00","og_image":[{"width":1797,"height":1200,"url":"https:\/\/www.granderealsantaeulalia.realhotelsgroup.com\/wp-content\/uploads\/sites\/228\/2020\/11\/grande-real-santa-eulalia-albufeira-real-bar-steakhouse2_slide02.jpg","type":"image\/jpeg"}],"twitter_card":"summary_large_image","twitter_misc":{"Tempo estimado de leitura":"2 minutos"},"schema":{"@context":"https:\/\/schema.org","@graph":[{"@type":"WebPage","@id":"https:\/\/www.granderealsantaeulalia.realhotelsgroup.com\/pt-pt\/restaurantes-e-bares\/real-bar\/","url":"https:\/\/www.granderealsantaeulalia.realhotelsgroup.com\/pt-pt\/restaurantes-e-bares\/real-bar\/","name":"Real Bar - Grande Real Santa Eul\u00e1lia Resort & Hotel Spa","isPartOf":{"@id":"https:\/\/www.granderealsantaeulalia.realhotelsgroup.com\/pt-pt\/#website"},"primaryImageOfPage":{"@id":"https:\/\/www.granderealsantaeulalia.realhotelsgroup.com\/pt-pt\/restaurantes-e-bares\/real-bar\/#primaryimage"},"image":{"@id":"https:\/\/www.granderealsantaeulalia.realhotelsgroup.com\/pt-pt\/restaurantes-e-bares\/real-bar\/#primaryimage"},"thumbnailUrl":"https:\/\/www.granderealsantaeulalia.realhotelsgroup.com\/wp-content\/uploads\/sites\/228\/2020\/11\/grande-real-santa-eulalia-albufeira-real-bar-steakhouse2_slide02.jpg","datePublished":"2022-11-15T11:51:29+00:00","dateModified":"2025-09-05T10:19:10+00:00","breadcrumb":{"@id":"https:\/\/www.granderealsantaeulalia.realhotelsgroup.com\/pt-pt\/restaurantes-e-bares\/real-bar\/#breadcrumb"},"inLanguage":"pt-PT","potentialAction":[{"@type":"ReadAction","target":["https:\/\/www.granderealsantaeulalia.realhotelsgroup.com\/pt-pt\/restaurantes-e-bares\/real-bar\/"]}]},{"@type":"ImageObject","inLanguage":"pt-PT","@id":"https:\/\/www.granderealsantaeulalia.realhotelsgroup.com\/pt-pt\/restaurantes-e-bares\/real-bar\/#primaryimage","url":"https:\/\/www.granderealsantaeulalia.realhotelsgroup.com\/wp-content\/uploads\/sites\/228\/2020\/11\/grande-real-santa-eulalia-albufeira-real-bar-steakhouse2_slide02.jpg","contentUrl":"https:\/\/www.granderealsantaeulalia.realhotelsgroup.com\/wp-content\/uploads\/sites\/228\/2020\/11\/grande-real-santa-eulalia-albufeira-real-bar-steakhouse2_slide02.jpg","width":1797,"height":1200},{"@type":"BreadcrumbList","@id":"https:\/\/www.granderealsantaeulalia.realhotelsgroup.com\/pt-pt\/restaurantes-e-bares\/real-bar\/#breadcrumb","itemListElement":[{"@type":"ListItem","position":1,"name":"Home","item":"https:\/\/www.granderealsantaeulalia.realhotelsgroup.com\/pt-pt\/"},{"@type":"ListItem","position":2,"name":"Restaurantes e Bares","item":"https:\/\/www.granderealsantaeulalia.realhotelsgroup.com\/pt-pt\/restaurantes-e-bares\/"},{"@type":"ListItem","position":3,"name":"Real Bar"}]},{"@type":"WebSite","@id":"https:\/\/www.granderealsantaeulalia.realhotelsgroup.com\/pt-pt\/#website","url":"https:\/\/www.granderealsantaeulalia.realhotelsgroup.com\/pt-pt\/","name":"Grande Real Santa Eul\u00e1lia Resort & Hotel Spa","description":"Just another ms.decms.eu site","potentialAction":[{"@type":"SearchAction","target":{"@type":"EntryPoint","urlTemplate":"https:\/\/www.granderealsantaeulalia.realhotelsgroup.com\/pt-pt\/?s={search_term_string}"},"query-input":{"@type":"PropertyValueSpecification","valueRequired":true,"valueName":"search_term_string"}}],"inLanguage":"pt-PT"}]}},"acf":[],"_links":{"self":[{"href":"https:\/\/www.granderealsantaeulalia.realhotelsgroup.com\/pt-pt\/wp-json\/wp\/v2\/pages\/1469","targetHints":{"allow":["GET"]}}],"collection":[{"href":"https:\/\/www.granderealsantaeulalia.realhotelsgroup.com\/pt-pt\/wp-json\/wp\/v2\/pages"}],"about":[{"href":"https:\/\/www.granderealsantaeulalia.realhotelsgroup.com\/pt-pt\/wp-json\/wp\/v2\/types\/page"}],"author":[{"embeddable":true,"href":"https:\/\/www.granderealsantaeulalia.realhotelsgroup.com\/pt-pt\/wp-json\/wp\/v2\/users\/241"}],"replies":[{"embeddable":true,"href":"https:\/\/www.granderealsantaeulalia.realhotelsgroup.com\/pt-pt\/wp-json\/wp\/v2\/comments?post=1469"}],"version-history":[{"count":0,"href":"https:\/\/www.granderealsantaeulalia.realhotelsgroup.com\/pt-pt\/wp-json\/wp\/v2\/pages\/1469\/revisions"}],"up":[{"embeddable":true,"href":"https:\/\/www.granderealsantaeulalia.realhotelsgroup.com\/pt-pt\/wp-json\/wp\/v2\/pages\/176"}],"wp:featuredmedia":[{"embeddable":true,"href":"https:\/\/www.granderealsantaeulalia.realhotelsgroup.com\/pt-pt\/wp-json\/wp\/v2\/media\/174"}],"wp:attachment":[{"href":"https:\/\/www.granderealsantaeulalia.realhotelsgroup.com\/pt-pt\/wp-json\/wp\/v2\/media?parent=1469"}],"curies":[{"name":"wp","href":"https:\/\/api.w.org\/{rel}","templated":true}]}}