{"id":156,"date":"2020-11-24T09:21:23","date_gmt":"2020-11-24T09:21:23","guid":{"rendered":"http:\/\/grande-real-santa-eulalia-resort-hotel-spa.ms.decms.eu\/?page_id=156"},"modified":"2025-10-15T15:38:57","modified_gmt":"2025-10-15T15:38:57","slug":"suites-grande-real","status":"publish","type":"page","link":"https:\/\/www.granderealsantaeulalia.realhotelsgroup.com\/pt-pt\/alojamento\/suites-grande-real\/","title":{"rendered":"Suites Grande Real"},"content":{"rendered":"<p>Viva a mais luxuosa estadia na <strong>Suite Ex\u00f3tica<\/strong> ou <strong>Portuguesa<\/strong> no deslumbrante Grande Real Santa Eul\u00e1lia Resort &amp; Hotel Spa. Oferecendo vistas espetaculares do mar, cada suite \u00e9 uma mistura convidativa de decora\u00e7\u00e3o cl\u00e1ssica e contempor\u00e2nea, exalando um charme distinto e evocando uma sensa\u00e7\u00e3o de calma.<\/p>\n<p>A Suite Ex\u00f3tica oferece aos h\u00f3spedes um ambiente acolhedor e em tons past\u00e9is para relaxar, enquanto a Suite Portuguesa mergulha os visitantes na cultura de Portugal \u2013 a uni\u00e3o perfeita entre hospitalidade acolhedora e sofistica\u00e7\u00e3o.<\/p>\n<p>Com espa\u00e7os generosos superiores a 90m2, as Grande Real Suites integram ainda sala de estar, sala de jantar e kitchenette, criando uma experi\u00eancia \u00fanica e exclusiva para os h\u00f3spedes.<\/p>\n","protected":false},"excerpt":{"rendered":"<p>Viva a mais luxuosa estadia na Suite Ex\u00f3tica ou Portuguesa no deslumbrante Grande Real Santa Eul\u00e1lia Resort &amp; Hotel Spa. Oferecendo vistas espetaculares do mar, cada suite \u00e9 uma mistura convidativa de decora\u00e7\u00e3o cl\u00e1ssica e contempor\u00e2nea, exalando um charme distinto e evocando uma sensa\u00e7\u00e3o de calma. A Suite Ex\u00f3tica oferece aos h\u00f3spedes um ambiente acolhedor [&hellip;]<\/p>\n","protected":false},"author":36,"featured_media":0,"parent":94,"menu_order":50,"comment_status":"closed","ping_status":"closed","template":"template-room.php","meta":{"footnotes":""},"class_list":["post-156","page","type-page","status-publish","hentry"],"yoast_head":"<!-- This site is optimized with the Yoast SEO plugin v26.9 - https:\/\/yoast.com\/product\/yoast-seo-wordpress\/ -->\n<title>Suites Grande Real - Grande Real Santa Eul\u00e1lia Resort &amp; Hotel Spa<\/title>\n<meta name=\"robots\" content=\"index, follow, max-snippet:-1, max-image-preview:large, max-video-preview:-1\" \/>\n<link rel=\"canonical\" href=\"https:\/\/www.granderealsantaeulalia.realhotelsgroup.com\/pt-pt\/alojamento\/suites-grande-real\/\" \/>\n<meta property=\"og:locale\" content=\"pt_PT\" \/>\n<meta property=\"og:type\" content=\"article\" \/>\n<meta property=\"og:title\" content=\"Suites Grande Real - Grande Real Santa Eul\u00e1lia Resort &amp; Hotel Spa\" \/>\n<meta property=\"og:description\" content=\"Viva a mais luxuosa estadia na Suite Ex\u00f3tica ou Portuguesa no deslumbrante Grande Real Santa Eul\u00e1lia Resort &amp; Hotel Spa. Oferecendo vistas espetaculares do mar, cada suite \u00e9 uma mistura convidativa de decora\u00e7\u00e3o cl\u00e1ssica e contempor\u00e2nea, exalando um charme distinto e evocando uma sensa\u00e7\u00e3o de calma. A Suite Ex\u00f3tica oferece aos h\u00f3spedes um ambiente acolhedor [&hellip;]\" \/>\n<meta property=\"og:url\" content=\"https:\/\/www.granderealsantaeulalia.realhotelsgroup.com\/pt-pt\/alojamento\/suites-grande-real\/\" \/>\n<meta property=\"og:site_name\" content=\"Grande Real Santa Eul\u00e1lia Resort &amp; Hotel Spa\" \/>\n<meta property=\"article:modified_time\" content=\"2025-10-15T15:38:57+00:00\" \/>\n<meta name=\"twitter:card\" content=\"summary_large_image\" \/>\n<meta name=\"twitter:label1\" content=\"Tempo estimado de leitura\" \/>\n\t<meta name=\"twitter:data1\" content=\"1 minuto\" \/>\n<script type=\"application\/ld+json\" class=\"yoast-schema-graph\">{\"@context\":\"https:\/\/schema.org\",\"@graph\":[{\"@type\":\"WebPage\",\"@id\":\"https:\/\/www.granderealsantaeulalia.realhotelsgroup.com\/pt-pt\/alojamento\/suites-grande-real\/\",\"url\":\"https:\/\/www.granderealsantaeulalia.realhotelsgroup.com\/pt-pt\/alojamento\/suites-grande-real\/\",\"name\":\"Suites Grande Real - Grande Real Santa Eul\u00e1lia Resort & Hotel Spa\",\"isPartOf\":{\"@id\":\"https:\/\/www.granderealsantaeulalia.realhotelsgroup.com\/pt-pt\/#website\"},\"datePublished\":\"2020-11-24T09:21:23+00:00\",\"dateModified\":\"2025-10-15T15:38:57+00:00\",\"breadcrumb\":{\"@id\":\"https:\/\/www.granderealsantaeulalia.realhotelsgroup.com\/pt-pt\/alojamento\/suites-grande-real\/#breadcrumb\"},\"inLanguage\":\"pt-PT\",\"potentialAction\":[{\"@type\":\"ReadAction\",\"target\":[\"https:\/\/www.granderealsantaeulalia.realhotelsgroup.com\/pt-pt\/alojamento\/suites-grande-real\/\"]}]},{\"@type\":\"BreadcrumbList\",\"@id\":\"https:\/\/www.granderealsantaeulalia.realhotelsgroup.com\/pt-pt\/alojamento\/suites-grande-real\/#breadcrumb\",\"itemListElement\":[{\"@type\":\"ListItem\",\"position\":1,\"name\":\"Home\",\"item\":\"https:\/\/www.granderealsantaeulalia.realhotelsgroup.com\/pt-pt\/\"},{\"@type\":\"ListItem\",\"position\":2,\"name\":\"Alojamento\",\"item\":\"https:\/\/www.granderealsantaeulalia.realhotelsgroup.com\/pt-pt\/alojamento\/\"},{\"@type\":\"ListItem\",\"position\":3,\"name\":\"Suites Grande Real\"}]},{\"@type\":\"WebSite\",\"@id\":\"https:\/\/www.granderealsantaeulalia.realhotelsgroup.com\/pt-pt\/#website\",\"url\":\"https:\/\/www.granderealsantaeulalia.realhotelsgroup.com\/pt-pt\/\",\"name\":\"Grande Real Santa Eul\u00e1lia Resort & Hotel Spa\",\"description\":\"Just another ms.decms.eu site\",\"potentialAction\":[{\"@type\":\"SearchAction\",\"target\":{\"@type\":\"EntryPoint\",\"urlTemplate\":\"https:\/\/www.granderealsantaeulalia.realhotelsgroup.com\/pt-pt\/?s={search_term_string}\"},\"query-input\":{\"@type\":\"PropertyValueSpecification\",\"valueRequired\":true,\"valueName\":\"search_term_string\"}}],\"inLanguage\":\"pt-PT\"}]}<\/script>\n<!-- \/ Yoast SEO plugin. -->","yoast_head_json":{"title":"Suites Grande Real - Grande Real Santa Eul\u00e1lia Resort & Hotel Spa","robots":{"index":"index","follow":"follow","max-snippet":"max-snippet:-1","max-image-preview":"max-image-preview:large","max-video-preview":"max-video-preview:-1"},"canonical":"https:\/\/www.granderealsantaeulalia.realhotelsgroup.com\/pt-pt\/alojamento\/suites-grande-real\/","og_locale":"pt_PT","og_type":"article","og_title":"Suites Grande Real - Grande Real Santa Eul\u00e1lia Resort & Hotel Spa","og_description":"Viva a mais luxuosa estadia na Suite Ex\u00f3tica ou Portuguesa no deslumbrante Grande Real Santa Eul\u00e1lia Resort &amp; Hotel Spa. Oferecendo vistas espetaculares do mar, cada suite \u00e9 uma mistura convidativa de decora\u00e7\u00e3o cl\u00e1ssica e contempor\u00e2nea, exalando um charme distinto e evocando uma sensa\u00e7\u00e3o de calma. A Suite Ex\u00f3tica oferece aos h\u00f3spedes um ambiente acolhedor [&hellip;]","og_url":"https:\/\/www.granderealsantaeulalia.realhotelsgroup.com\/pt-pt\/alojamento\/suites-grande-real\/","og_site_name":"Grande Real Santa Eul\u00e1lia Resort & Hotel Spa","article_modified_time":"2025-10-15T15:38:57+00:00","twitter_card":"summary_large_image","twitter_misc":{"Tempo estimado de leitura":"1 minuto"},"schema":{"@context":"https:\/\/schema.org","@graph":[{"@type":"WebPage","@id":"https:\/\/www.granderealsantaeulalia.realhotelsgroup.com\/pt-pt\/alojamento\/suites-grande-real\/","url":"https:\/\/www.granderealsantaeulalia.realhotelsgroup.com\/pt-pt\/alojamento\/suites-grande-real\/","name":"Suites Grande Real - Grande Real Santa Eul\u00e1lia Resort & Hotel Spa","isPartOf":{"@id":"https:\/\/www.granderealsantaeulalia.realhotelsgroup.com\/pt-pt\/#website"},"datePublished":"2020-11-24T09:21:23+00:00","dateModified":"2025-10-15T15:38:57+00:00","breadcrumb":{"@id":"https:\/\/www.granderealsantaeulalia.realhotelsgroup.com\/pt-pt\/alojamento\/suites-grande-real\/#breadcrumb"},"inLanguage":"pt-PT","potentialAction":[{"@type":"ReadAction","target":["https:\/\/www.granderealsantaeulalia.realhotelsgroup.com\/pt-pt\/alojamento\/suites-grande-real\/"]}]},{"@type":"BreadcrumbList","@id":"https:\/\/www.granderealsantaeulalia.realhotelsgroup.com\/pt-pt\/alojamento\/suites-grande-real\/#breadcrumb","itemListElement":[{"@type":"ListItem","position":1,"name":"Home","item":"https:\/\/www.granderealsantaeulalia.realhotelsgroup.com\/pt-pt\/"},{"@type":"ListItem","position":2,"name":"Alojamento","item":"https:\/\/www.granderealsantaeulalia.realhotelsgroup.com\/pt-pt\/alojamento\/"},{"@type":"ListItem","position":3,"name":"Suites Grande Real"}]},{"@type":"WebSite","@id":"https:\/\/www.granderealsantaeulalia.realhotelsgroup.com\/pt-pt\/#website","url":"https:\/\/www.granderealsantaeulalia.realhotelsgroup.com\/pt-pt\/","name":"Grande Real Santa Eul\u00e1lia Resort & Hotel Spa","description":"Just another ms.decms.eu site","potentialAction":[{"@type":"SearchAction","target":{"@type":"EntryPoint","urlTemplate":"https:\/\/www.granderealsantaeulalia.realhotelsgroup.com\/pt-pt\/?s={search_term_string}"},"query-input":{"@type":"PropertyValueSpecification","valueRequired":true,"valueName":"search_term_string"}}],"inLanguage":"pt-PT"}]}},"acf":[],"_links":{"self":[{"href":"https:\/\/www.granderealsantaeulalia.realhotelsgroup.com\/pt-pt\/wp-json\/wp\/v2\/pages\/156","targetHints":{"allow":["GET"]}}],"collection":[{"href":"https:\/\/www.granderealsantaeulalia.realhotelsgroup.com\/pt-pt\/wp-json\/wp\/v2\/pages"}],"about":[{"href":"https:\/\/www.granderealsantaeulalia.realhotelsgroup.com\/pt-pt\/wp-json\/wp\/v2\/types\/page"}],"author":[{"embeddable":true,"href":"https:\/\/www.granderealsantaeulalia.realhotelsgroup.com\/pt-pt\/wp-json\/wp\/v2\/users\/36"}],"replies":[{"embeddable":true,"href":"https:\/\/www.granderealsantaeulalia.realhotelsgroup.com\/pt-pt\/wp-json\/wp\/v2\/comments?post=156"}],"version-history":[{"count":0,"href":"https:\/\/www.granderealsantaeulalia.realhotelsgroup.com\/pt-pt\/wp-json\/wp\/v2\/pages\/156\/revisions"}],"up":[{"embeddable":true,"href":"https:\/\/www.granderealsantaeulalia.realhotelsgroup.com\/pt-pt\/wp-json\/wp\/v2\/pages\/94"}],"wp:attachment":[{"href":"https:\/\/www.granderealsantaeulalia.realhotelsgroup.com\/pt-pt\/wp-json\/wp\/v2\/media?parent=156"}],"curies":[{"name":"wp","href":"https:\/\/api.w.org\/{rel}","templated":true}]}}