{"id":187,"date":"2020-11-24T11:37:09","date_gmt":"2020-11-24T11:37:09","guid":{"rendered":"http:\/\/grande-real-santa-eulalia-resort-hotel-spa.ms.decms.eu\/?page_id=187"},"modified":"2025-11-06T14:03:49","modified_gmt":"2025-11-06T14:03:49","slug":"real-cozinha-restaurante","status":"publish","type":"page","link":"https:\/\/www.granderealsantaeulalia.realhotelsgroup.com\/pt-pt\/restaurantes-e-bares\/real-cozinha-restaurante\/","title":{"rendered":"Real Cozinha Restaurante"},"content":{"rendered":"<p>Marcado por um ambiente descontra\u00eddo e familiar, o <strong>Real Cozinha Restaurante<\/strong> disp\u00f5e de uma localiza\u00e7\u00e3o privilegiada, com uma <strong>esplanada<\/strong> descontra\u00edda e <strong>acesso directo \u00e0 zona da piscina<\/strong>.<\/p>\n<p>Deixe-se levar pelo vasto leque de sabores. Apostando numa oferta diversificada, o Real Cozinha Restaurante re\u00fane todas as condi\u00e7\u00f5es para iniciar os seus dias com um <strong>pequeno-almo\u00e7o<\/strong> energizante ou um delicioso <strong>jantar<\/strong>.<\/p>\n","protected":false},"excerpt":{"rendered":"<p>Marcado por um ambiente descontra\u00eddo e familiar, o Real Cozinha Restaurante disp\u00f5e de uma localiza\u00e7\u00e3o privilegiada, com uma esplanada descontra\u00edda e acesso directo \u00e0 zona da piscina. Deixe-se levar pelo vasto leque de sabores. Apostando numa oferta diversificada, o Real Cozinha Restaurante re\u00fane todas as condi\u00e7\u00f5es para iniciar os seus dias com um pequeno-almo\u00e7o energizante [&hellip;]<\/p>\n","protected":false},"author":36,"featured_media":0,"parent":176,"menu_order":5,"comment_status":"closed","ping_status":"closed","template":"template-restaurant.php","meta":{"footnotes":""},"class_list":["post-187","page","type-page","status-publish","hentry"],"yoast_head":"<!-- This site is optimized with the Yoast SEO plugin v26.9 - https:\/\/yoast.com\/product\/yoast-seo-wordpress\/ -->\n<title>Real Cozinha Restaurante - Grande Real Santa Eul\u00e1lia Resort &amp; Hotel Spa<\/title>\n<meta name=\"robots\" content=\"index, follow, max-snippet:-1, max-image-preview:large, max-video-preview:-1\" \/>\n<link rel=\"canonical\" href=\"https:\/\/www.granderealsantaeulalia.realhotelsgroup.com\/pt-pt\/restaurantes-e-bares\/real-cozinha-restaurante\/\" \/>\n<meta property=\"og:locale\" content=\"pt_PT\" \/>\n<meta property=\"og:type\" content=\"article\" \/>\n<meta property=\"og:title\" content=\"Real Cozinha Restaurante - Grande Real Santa Eul\u00e1lia Resort &amp; Hotel Spa\" \/>\n<meta property=\"og:description\" content=\"Marcado por um ambiente descontra\u00eddo e familiar, o Real Cozinha Restaurante disp\u00f5e de uma localiza\u00e7\u00e3o privilegiada, com uma esplanada descontra\u00edda e acesso directo \u00e0 zona da piscina. Deixe-se levar pelo vasto leque de sabores. Apostando numa oferta diversificada, o Real Cozinha Restaurante re\u00fane todas as condi\u00e7\u00f5es para iniciar os seus dias com um pequeno-almo\u00e7o energizante [&hellip;]\" \/>\n<meta property=\"og:url\" content=\"https:\/\/www.granderealsantaeulalia.realhotelsgroup.com\/pt-pt\/restaurantes-e-bares\/real-cozinha-restaurante\/\" \/>\n<meta property=\"og:site_name\" content=\"Grande Real Santa Eul\u00e1lia Resort &amp; Hotel Spa\" \/>\n<meta property=\"article:modified_time\" content=\"2025-11-06T14:03:49+00:00\" \/>\n<meta name=\"twitter:card\" content=\"summary_large_image\" \/>\n<meta name=\"twitter:label1\" content=\"Tempo estimado de leitura\" \/>\n\t<meta name=\"twitter:data1\" content=\"1 minuto\" \/>\n<script type=\"application\/ld+json\" class=\"yoast-schema-graph\">{\"@context\":\"https:\/\/schema.org\",\"@graph\":[{\"@type\":\"WebPage\",\"@id\":\"https:\/\/www.granderealsantaeulalia.realhotelsgroup.com\/pt-pt\/restaurantes-e-bares\/real-cozinha-restaurante\/\",\"url\":\"https:\/\/www.granderealsantaeulalia.realhotelsgroup.com\/pt-pt\/restaurantes-e-bares\/real-cozinha-restaurante\/\",\"name\":\"Real Cozinha Restaurante - Grande Real Santa Eul\u00e1lia Resort & Hotel Spa\",\"isPartOf\":{\"@id\":\"https:\/\/www.granderealsantaeulalia.realhotelsgroup.com\/pt-pt\/#website\"},\"datePublished\":\"2020-11-24T11:37:09+00:00\",\"dateModified\":\"2025-11-06T14:03:49+00:00\",\"breadcrumb\":{\"@id\":\"https:\/\/www.granderealsantaeulalia.realhotelsgroup.com\/pt-pt\/restaurantes-e-bares\/real-cozinha-restaurante\/#breadcrumb\"},\"inLanguage\":\"pt-PT\",\"potentialAction\":[{\"@type\":\"ReadAction\",\"target\":[\"https:\/\/www.granderealsantaeulalia.realhotelsgroup.com\/pt-pt\/restaurantes-e-bares\/real-cozinha-restaurante\/\"]}]},{\"@type\":\"BreadcrumbList\",\"@id\":\"https:\/\/www.granderealsantaeulalia.realhotelsgroup.com\/pt-pt\/restaurantes-e-bares\/real-cozinha-restaurante\/#breadcrumb\",\"itemListElement\":[{\"@type\":\"ListItem\",\"position\":1,\"name\":\"Home\",\"item\":\"https:\/\/www.granderealsantaeulalia.realhotelsgroup.com\/pt-pt\/\"},{\"@type\":\"ListItem\",\"position\":2,\"name\":\"Restaurantes e Bares\",\"item\":\"https:\/\/www.granderealsantaeulalia.realhotelsgroup.com\/pt-pt\/restaurantes-e-bares\/\"},{\"@type\":\"ListItem\",\"position\":3,\"name\":\"Real Cozinha Restaurante\"}]},{\"@type\":\"WebSite\",\"@id\":\"https:\/\/www.granderealsantaeulalia.realhotelsgroup.com\/pt-pt\/#website\",\"url\":\"https:\/\/www.granderealsantaeulalia.realhotelsgroup.com\/pt-pt\/\",\"name\":\"Grande Real Santa Eul\u00e1lia Resort & Hotel Spa\",\"description\":\"Just another ms.decms.eu site\",\"potentialAction\":[{\"@type\":\"SearchAction\",\"target\":{\"@type\":\"EntryPoint\",\"urlTemplate\":\"https:\/\/www.granderealsantaeulalia.realhotelsgroup.com\/pt-pt\/?s={search_term_string}\"},\"query-input\":{\"@type\":\"PropertyValueSpecification\",\"valueRequired\":true,\"valueName\":\"search_term_string\"}}],\"inLanguage\":\"pt-PT\"}]}<\/script>\n<!-- \/ Yoast SEO plugin. -->","yoast_head_json":{"title":"Real Cozinha Restaurante - Grande Real Santa Eul\u00e1lia Resort & Hotel Spa","robots":{"index":"index","follow":"follow","max-snippet":"max-snippet:-1","max-image-preview":"max-image-preview:large","max-video-preview":"max-video-preview:-1"},"canonical":"https:\/\/www.granderealsantaeulalia.realhotelsgroup.com\/pt-pt\/restaurantes-e-bares\/real-cozinha-restaurante\/","og_locale":"pt_PT","og_type":"article","og_title":"Real Cozinha Restaurante - Grande Real Santa Eul\u00e1lia Resort & Hotel Spa","og_description":"Marcado por um ambiente descontra\u00eddo e familiar, o Real Cozinha Restaurante disp\u00f5e de uma localiza\u00e7\u00e3o privilegiada, com uma esplanada descontra\u00edda e acesso directo \u00e0 zona da piscina. Deixe-se levar pelo vasto leque de sabores. Apostando numa oferta diversificada, o Real Cozinha Restaurante re\u00fane todas as condi\u00e7\u00f5es para iniciar os seus dias com um pequeno-almo\u00e7o energizante [&hellip;]","og_url":"https:\/\/www.granderealsantaeulalia.realhotelsgroup.com\/pt-pt\/restaurantes-e-bares\/real-cozinha-restaurante\/","og_site_name":"Grande Real Santa Eul\u00e1lia Resort & Hotel Spa","article_modified_time":"2025-11-06T14:03:49+00:00","twitter_card":"summary_large_image","twitter_misc":{"Tempo estimado de leitura":"1 minuto"},"schema":{"@context":"https:\/\/schema.org","@graph":[{"@type":"WebPage","@id":"https:\/\/www.granderealsantaeulalia.realhotelsgroup.com\/pt-pt\/restaurantes-e-bares\/real-cozinha-restaurante\/","url":"https:\/\/www.granderealsantaeulalia.realhotelsgroup.com\/pt-pt\/restaurantes-e-bares\/real-cozinha-restaurante\/","name":"Real Cozinha Restaurante - Grande Real Santa Eul\u00e1lia Resort & Hotel Spa","isPartOf":{"@id":"https:\/\/www.granderealsantaeulalia.realhotelsgroup.com\/pt-pt\/#website"},"datePublished":"2020-11-24T11:37:09+00:00","dateModified":"2025-11-06T14:03:49+00:00","breadcrumb":{"@id":"https:\/\/www.granderealsantaeulalia.realhotelsgroup.com\/pt-pt\/restaurantes-e-bares\/real-cozinha-restaurante\/#breadcrumb"},"inLanguage":"pt-PT","potentialAction":[{"@type":"ReadAction","target":["https:\/\/www.granderealsantaeulalia.realhotelsgroup.com\/pt-pt\/restaurantes-e-bares\/real-cozinha-restaurante\/"]}]},{"@type":"BreadcrumbList","@id":"https:\/\/www.granderealsantaeulalia.realhotelsgroup.com\/pt-pt\/restaurantes-e-bares\/real-cozinha-restaurante\/#breadcrumb","itemListElement":[{"@type":"ListItem","position":1,"name":"Home","item":"https:\/\/www.granderealsantaeulalia.realhotelsgroup.com\/pt-pt\/"},{"@type":"ListItem","position":2,"name":"Restaurantes e Bares","item":"https:\/\/www.granderealsantaeulalia.realhotelsgroup.com\/pt-pt\/restaurantes-e-bares\/"},{"@type":"ListItem","position":3,"name":"Real Cozinha Restaurante"}]},{"@type":"WebSite","@id":"https:\/\/www.granderealsantaeulalia.realhotelsgroup.com\/pt-pt\/#website","url":"https:\/\/www.granderealsantaeulalia.realhotelsgroup.com\/pt-pt\/","name":"Grande Real Santa Eul\u00e1lia Resort & Hotel Spa","description":"Just another ms.decms.eu site","potentialAction":[{"@type":"SearchAction","target":{"@type":"EntryPoint","urlTemplate":"https:\/\/www.granderealsantaeulalia.realhotelsgroup.com\/pt-pt\/?s={search_term_string}"},"query-input":{"@type":"PropertyValueSpecification","valueRequired":true,"valueName":"search_term_string"}}],"inLanguage":"pt-PT"}]}},"acf":[],"_links":{"self":[{"href":"https:\/\/www.granderealsantaeulalia.realhotelsgroup.com\/pt-pt\/wp-json\/wp\/v2\/pages\/187","targetHints":{"allow":["GET"]}}],"collection":[{"href":"https:\/\/www.granderealsantaeulalia.realhotelsgroup.com\/pt-pt\/wp-json\/wp\/v2\/pages"}],"about":[{"href":"https:\/\/www.granderealsantaeulalia.realhotelsgroup.com\/pt-pt\/wp-json\/wp\/v2\/types\/page"}],"author":[{"embeddable":true,"href":"https:\/\/www.granderealsantaeulalia.realhotelsgroup.com\/pt-pt\/wp-json\/wp\/v2\/users\/36"}],"replies":[{"embeddable":true,"href":"https:\/\/www.granderealsantaeulalia.realhotelsgroup.com\/pt-pt\/wp-json\/wp\/v2\/comments?post=187"}],"version-history":[{"count":0,"href":"https:\/\/www.granderealsantaeulalia.realhotelsgroup.com\/pt-pt\/wp-json\/wp\/v2\/pages\/187\/revisions"}],"up":[{"embeddable":true,"href":"https:\/\/www.granderealsantaeulalia.realhotelsgroup.com\/pt-pt\/wp-json\/wp\/v2\/pages\/176"}],"wp:attachment":[{"href":"https:\/\/www.granderealsantaeulalia.realhotelsgroup.com\/pt-pt\/wp-json\/wp\/v2\/media?parent=187"}],"curies":[{"name":"wp","href":"https:\/\/api.w.org\/{rel}","templated":true}]}}