{"id":2071,"date":"2024-08-22T10:45:38","date_gmt":"2024-08-22T10:45:38","guid":{"rendered":"https:\/\/www.granderealsantaeulalia.realhotelsgroup.com\/?page_id=2071"},"modified":"2025-10-28T14:45:19","modified_gmt":"2025-10-28T14:45:19","slug":"studio-carte-dor","status":"publish","type":"page","link":"https:\/\/www.granderealsantaeulalia.realhotelsgroup.com\/pt-pt\/restaurantes-e-bares\/studio-carte-dor\/","title":{"rendered":"Studio Carte D&#8217;Or"},"content":{"rendered":"<p>O <strong>Studio Carte D&#8217;Or<\/strong> \u00e9 outro dos pontos que diferencia a experi\u00eancia de umas <strong>f\u00e9rias em fam\u00edlia no Algarve<\/strong>.<\/p>\n<p>Sem ter de sair do <strong>resort<\/strong> e enfrentar o frenesim tur\u00edstico do centro da cidade, onde pode saborear os gelados mais tradicionais ou experimentar novos sabores criados por n\u00f3s num verdadeiro studio e com a chancela Carte D&#8217;Or, onde o deslizar da colher sobre o gelado revela a cremosidade e o equil\u00edbrio de todos os ingredientes num s\u00f3 cone reflete a qualidade dos <em>mestres gelatiere<\/em> que trabalham connosco.<\/p>\n<p>Temos entrada independente do hotel, na parte sul do resort. Pode desfrutar desta experi\u00eancia mesmo que n\u00e3o esteja hospedado connosco.<\/p>\n","protected":false},"excerpt":{"rendered":"<p>O Studio Carte D&#8217;Or \u00e9 outro dos pontos que diferencia a experi\u00eancia de umas f\u00e9rias em fam\u00edlia no Algarve. Sem ter de sair do resort e enfrentar o frenesim tur\u00edstico do centro da cidade, onde pode saborear os gelados mais tradicionais ou experimentar novos sabores criados por n\u00f3s num verdadeiro studio e com a chancela [&hellip;]<\/p>\n","protected":false},"author":241,"featured_media":2077,"parent":176,"menu_order":7,"comment_status":"closed","ping_status":"closed","template":"template-restaurant.php","meta":{"footnotes":""},"class_list":["post-2071","page","type-page","status-publish","has-post-thumbnail","hentry"],"yoast_head":"<!-- This site is optimized with the Yoast SEO plugin v26.9 - https:\/\/yoast.com\/product\/yoast-seo-wordpress\/ -->\n<title>Studio Carte D&#039;Or - Grande Real Santa Eul\u00e1lia Resort &amp; Hotel Spa<\/title>\n<meta name=\"description\" content=\"Paragem obrigat\u00f3ria para desfrutar um momento refrescante \u00e0 beira no Grande Real Santa Eul\u00e1lia Resort &amp; Hotel Spa em Albufeira.\" \/>\n<meta name=\"robots\" content=\"index, follow, max-snippet:-1, max-image-preview:large, max-video-preview:-1\" \/>\n<link rel=\"canonical\" href=\"https:\/\/www.granderealsantaeulalia.realhotelsgroup.com\/pt-pt\/restaurantes-e-bares\/studio-carte-dor\/\" \/>\n<meta property=\"og:locale\" content=\"pt_PT\" \/>\n<meta property=\"og:type\" content=\"article\" \/>\n<meta property=\"og:title\" content=\"Studio Carte D&#039;Or - Grande Real Santa Eul\u00e1lia Resort &amp; Hotel Spa\" \/>\n<meta property=\"og:description\" content=\"Paragem obrigat\u00f3ria para desfrutar um momento refrescante \u00e0 beira no Grande Real Santa Eul\u00e1lia Resort &amp; Hotel Spa em Albufeira.\" \/>\n<meta property=\"og:url\" content=\"https:\/\/www.granderealsantaeulalia.realhotelsgroup.com\/pt-pt\/restaurantes-e-bares\/studio-carte-dor\/\" \/>\n<meta property=\"og:site_name\" content=\"Grande Real Santa Eul\u00e1lia Resort &amp; Hotel Spa\" \/>\n<meta property=\"article:modified_time\" content=\"2025-10-28T14:45:19+00:00\" \/>\n<meta property=\"og:image\" content=\"https:\/\/www.granderealsantaeulalia.realhotelsgroup.com\/wp-content\/uploads\/sites\/228\/2024\/08\/Studio-Carte-Dor-1.jpg\" \/>\n\t<meta property=\"og:image:width\" content=\"1797\" \/>\n\t<meta property=\"og:image:height\" content=\"1200\" \/>\n\t<meta property=\"og:image:type\" content=\"image\/jpeg\" \/>\n<meta name=\"twitter:card\" content=\"summary_large_image\" \/>\n<meta name=\"twitter:label1\" content=\"Tempo estimado de leitura\" \/>\n\t<meta name=\"twitter:data1\" content=\"1 minuto\" \/>\n<script type=\"application\/ld+json\" class=\"yoast-schema-graph\">{\"@context\":\"https:\/\/schema.org\",\"@graph\":[{\"@type\":\"WebPage\",\"@id\":\"https:\/\/www.granderealsantaeulalia.realhotelsgroup.com\/pt-pt\/restaurantes-e-bares\/studio-carte-dor\/\",\"url\":\"https:\/\/www.granderealsantaeulalia.realhotelsgroup.com\/pt-pt\/restaurantes-e-bares\/studio-carte-dor\/\",\"name\":\"Studio Carte D'Or - Grande Real Santa Eul\u00e1lia Resort & Hotel Spa\",\"isPartOf\":{\"@id\":\"https:\/\/www.granderealsantaeulalia.realhotelsgroup.com\/pt-pt\/#website\"},\"primaryImageOfPage\":{\"@id\":\"https:\/\/www.granderealsantaeulalia.realhotelsgroup.com\/pt-pt\/restaurantes-e-bares\/studio-carte-dor\/#primaryimage\"},\"image\":{\"@id\":\"https:\/\/www.granderealsantaeulalia.realhotelsgroup.com\/pt-pt\/restaurantes-e-bares\/studio-carte-dor\/#primaryimage\"},\"thumbnailUrl\":\"https:\/\/www.granderealsantaeulalia.realhotelsgroup.com\/wp-content\/uploads\/sites\/228\/2024\/08\/Studio-Carte-Dor-1.jpg\",\"datePublished\":\"2024-08-22T10:45:38+00:00\",\"dateModified\":\"2025-10-28T14:45:19+00:00\",\"description\":\"Paragem obrigat\u00f3ria para desfrutar um momento refrescante \u00e0 beira no Grande Real Santa Eul\u00e1lia Resort & Hotel Spa em Albufeira.\",\"breadcrumb\":{\"@id\":\"https:\/\/www.granderealsantaeulalia.realhotelsgroup.com\/pt-pt\/restaurantes-e-bares\/studio-carte-dor\/#breadcrumb\"},\"inLanguage\":\"pt-PT\",\"potentialAction\":[{\"@type\":\"ReadAction\",\"target\":[\"https:\/\/www.granderealsantaeulalia.realhotelsgroup.com\/pt-pt\/restaurantes-e-bares\/studio-carte-dor\/\"]}]},{\"@type\":\"ImageObject\",\"inLanguage\":\"pt-PT\",\"@id\":\"https:\/\/www.granderealsantaeulalia.realhotelsgroup.com\/pt-pt\/restaurantes-e-bares\/studio-carte-dor\/#primaryimage\",\"url\":\"https:\/\/www.granderealsantaeulalia.realhotelsgroup.com\/wp-content\/uploads\/sites\/228\/2024\/08\/Studio-Carte-Dor-1.jpg\",\"contentUrl\":\"https:\/\/www.granderealsantaeulalia.realhotelsgroup.com\/wp-content\/uploads\/sites\/228\/2024\/08\/Studio-Carte-Dor-1.jpg\",\"width\":1797,\"height\":1200},{\"@type\":\"BreadcrumbList\",\"@id\":\"https:\/\/www.granderealsantaeulalia.realhotelsgroup.com\/pt-pt\/restaurantes-e-bares\/studio-carte-dor\/#breadcrumb\",\"itemListElement\":[{\"@type\":\"ListItem\",\"position\":1,\"name\":\"Home\",\"item\":\"https:\/\/www.granderealsantaeulalia.realhotelsgroup.com\/pt-pt\/\"},{\"@type\":\"ListItem\",\"position\":2,\"name\":\"Restaurantes e Bares\",\"item\":\"https:\/\/www.granderealsantaeulalia.realhotelsgroup.com\/pt-pt\/restaurantes-e-bares\/\"},{\"@type\":\"ListItem\",\"position\":3,\"name\":\"Studio Carte D&#8217;Or\"}]},{\"@type\":\"WebSite\",\"@id\":\"https:\/\/www.granderealsantaeulalia.realhotelsgroup.com\/pt-pt\/#website\",\"url\":\"https:\/\/www.granderealsantaeulalia.realhotelsgroup.com\/pt-pt\/\",\"name\":\"Grande Real Santa Eul\u00e1lia Resort & Hotel Spa\",\"description\":\"Just another ms.decms.eu site\",\"potentialAction\":[{\"@type\":\"SearchAction\",\"target\":{\"@type\":\"EntryPoint\",\"urlTemplate\":\"https:\/\/www.granderealsantaeulalia.realhotelsgroup.com\/pt-pt\/?s={search_term_string}\"},\"query-input\":{\"@type\":\"PropertyValueSpecification\",\"valueRequired\":true,\"valueName\":\"search_term_string\"}}],\"inLanguage\":\"pt-PT\"}]}<\/script>\n<!-- \/ Yoast SEO plugin. -->","yoast_head_json":{"title":"Studio Carte D'Or - Grande Real Santa Eul\u00e1lia Resort & Hotel Spa","description":"Paragem obrigat\u00f3ria para desfrutar um momento refrescante \u00e0 beira no Grande Real Santa Eul\u00e1lia Resort & Hotel Spa em Albufeira.","robots":{"index":"index","follow":"follow","max-snippet":"max-snippet:-1","max-image-preview":"max-image-preview:large","max-video-preview":"max-video-preview:-1"},"canonical":"https:\/\/www.granderealsantaeulalia.realhotelsgroup.com\/pt-pt\/restaurantes-e-bares\/studio-carte-dor\/","og_locale":"pt_PT","og_type":"article","og_title":"Studio Carte D'Or - Grande Real Santa Eul\u00e1lia Resort & Hotel Spa","og_description":"Paragem obrigat\u00f3ria para desfrutar um momento refrescante \u00e0 beira no Grande Real Santa Eul\u00e1lia Resort & Hotel Spa em Albufeira.","og_url":"https:\/\/www.granderealsantaeulalia.realhotelsgroup.com\/pt-pt\/restaurantes-e-bares\/studio-carte-dor\/","og_site_name":"Grande Real Santa Eul\u00e1lia Resort & Hotel Spa","article_modified_time":"2025-10-28T14:45:19+00:00","og_image":[{"width":1797,"height":1200,"url":"https:\/\/www.granderealsantaeulalia.realhotelsgroup.com\/wp-content\/uploads\/sites\/228\/2024\/08\/Studio-Carte-Dor-1.jpg","type":"image\/jpeg"}],"twitter_card":"summary_large_image","twitter_misc":{"Tempo estimado de leitura":"1 minuto"},"schema":{"@context":"https:\/\/schema.org","@graph":[{"@type":"WebPage","@id":"https:\/\/www.granderealsantaeulalia.realhotelsgroup.com\/pt-pt\/restaurantes-e-bares\/studio-carte-dor\/","url":"https:\/\/www.granderealsantaeulalia.realhotelsgroup.com\/pt-pt\/restaurantes-e-bares\/studio-carte-dor\/","name":"Studio Carte D'Or - Grande Real Santa Eul\u00e1lia Resort & Hotel Spa","isPartOf":{"@id":"https:\/\/www.granderealsantaeulalia.realhotelsgroup.com\/pt-pt\/#website"},"primaryImageOfPage":{"@id":"https:\/\/www.granderealsantaeulalia.realhotelsgroup.com\/pt-pt\/restaurantes-e-bares\/studio-carte-dor\/#primaryimage"},"image":{"@id":"https:\/\/www.granderealsantaeulalia.realhotelsgroup.com\/pt-pt\/restaurantes-e-bares\/studio-carte-dor\/#primaryimage"},"thumbnailUrl":"https:\/\/www.granderealsantaeulalia.realhotelsgroup.com\/wp-content\/uploads\/sites\/228\/2024\/08\/Studio-Carte-Dor-1.jpg","datePublished":"2024-08-22T10:45:38+00:00","dateModified":"2025-10-28T14:45:19+00:00","description":"Paragem obrigat\u00f3ria para desfrutar um momento refrescante \u00e0 beira no Grande Real Santa Eul\u00e1lia Resort & Hotel Spa em Albufeira.","breadcrumb":{"@id":"https:\/\/www.granderealsantaeulalia.realhotelsgroup.com\/pt-pt\/restaurantes-e-bares\/studio-carte-dor\/#breadcrumb"},"inLanguage":"pt-PT","potentialAction":[{"@type":"ReadAction","target":["https:\/\/www.granderealsantaeulalia.realhotelsgroup.com\/pt-pt\/restaurantes-e-bares\/studio-carte-dor\/"]}]},{"@type":"ImageObject","inLanguage":"pt-PT","@id":"https:\/\/www.granderealsantaeulalia.realhotelsgroup.com\/pt-pt\/restaurantes-e-bares\/studio-carte-dor\/#primaryimage","url":"https:\/\/www.granderealsantaeulalia.realhotelsgroup.com\/wp-content\/uploads\/sites\/228\/2024\/08\/Studio-Carte-Dor-1.jpg","contentUrl":"https:\/\/www.granderealsantaeulalia.realhotelsgroup.com\/wp-content\/uploads\/sites\/228\/2024\/08\/Studio-Carte-Dor-1.jpg","width":1797,"height":1200},{"@type":"BreadcrumbList","@id":"https:\/\/www.granderealsantaeulalia.realhotelsgroup.com\/pt-pt\/restaurantes-e-bares\/studio-carte-dor\/#breadcrumb","itemListElement":[{"@type":"ListItem","position":1,"name":"Home","item":"https:\/\/www.granderealsantaeulalia.realhotelsgroup.com\/pt-pt\/"},{"@type":"ListItem","position":2,"name":"Restaurantes e Bares","item":"https:\/\/www.granderealsantaeulalia.realhotelsgroup.com\/pt-pt\/restaurantes-e-bares\/"},{"@type":"ListItem","position":3,"name":"Studio Carte D&#8217;Or"}]},{"@type":"WebSite","@id":"https:\/\/www.granderealsantaeulalia.realhotelsgroup.com\/pt-pt\/#website","url":"https:\/\/www.granderealsantaeulalia.realhotelsgroup.com\/pt-pt\/","name":"Grande Real Santa Eul\u00e1lia Resort & Hotel Spa","description":"Just another ms.decms.eu site","potentialAction":[{"@type":"SearchAction","target":{"@type":"EntryPoint","urlTemplate":"https:\/\/www.granderealsantaeulalia.realhotelsgroup.com\/pt-pt\/?s={search_term_string}"},"query-input":{"@type":"PropertyValueSpecification","valueRequired":true,"valueName":"search_term_string"}}],"inLanguage":"pt-PT"}]}},"acf":[],"_links":{"self":[{"href":"https:\/\/www.granderealsantaeulalia.realhotelsgroup.com\/pt-pt\/wp-json\/wp\/v2\/pages\/2071","targetHints":{"allow":["GET"]}}],"collection":[{"href":"https:\/\/www.granderealsantaeulalia.realhotelsgroup.com\/pt-pt\/wp-json\/wp\/v2\/pages"}],"about":[{"href":"https:\/\/www.granderealsantaeulalia.realhotelsgroup.com\/pt-pt\/wp-json\/wp\/v2\/types\/page"}],"author":[{"embeddable":true,"href":"https:\/\/www.granderealsantaeulalia.realhotelsgroup.com\/pt-pt\/wp-json\/wp\/v2\/users\/241"}],"replies":[{"embeddable":true,"href":"https:\/\/www.granderealsantaeulalia.realhotelsgroup.com\/pt-pt\/wp-json\/wp\/v2\/comments?post=2071"}],"version-history":[{"count":0,"href":"https:\/\/www.granderealsantaeulalia.realhotelsgroup.com\/pt-pt\/wp-json\/wp\/v2\/pages\/2071\/revisions"}],"up":[{"embeddable":true,"href":"https:\/\/www.granderealsantaeulalia.realhotelsgroup.com\/pt-pt\/wp-json\/wp\/v2\/pages\/176"}],"wp:featuredmedia":[{"embeddable":true,"href":"https:\/\/www.granderealsantaeulalia.realhotelsgroup.com\/pt-pt\/wp-json\/wp\/v2\/media\/2077"}],"wp:attachment":[{"href":"https:\/\/www.granderealsantaeulalia.realhotelsgroup.com\/pt-pt\/wp-json\/wp\/v2\/media?parent=2071"}],"curies":[{"name":"wp","href":"https:\/\/api.w.org\/{rel}","templated":true}]}}