{"id":227,"date":"2020-11-25T08:42:34","date_gmt":"2020-11-25T08:42:34","guid":{"rendered":"http:\/\/grande-real-santa-eulalia-resort-hotel-spa.ms.decms.eu\/?page_id=227"},"modified":"2026-04-07T12:56:24","modified_gmt":"2026-04-07T12:56:24","slug":"ofertas","status":"publish","type":"page","link":"https:\/\/www.granderealsantaeulalia.realhotelsgroup.com\/pt-pt\/ofertas\/","title":{"rendered":"Ofertas"},"content":{"rendered":"<p>Para tornar a sua estadia em <strong>Albufeira<\/strong>, no <strong>Algarve<\/strong> ainda mais memor\u00e1vel, veja todas as <strong>promo\u00e7\u00f5es e ofertas especiais<\/strong> que o <strong>Grande Real Santa Eul\u00e1lia Resort &amp; Hotel Spa<\/strong> preparou a pensar em si!<\/p>\n<p>Analise cada uma destas promo\u00e7\u00f5es e seleccione a que melhor se adapta ao que pretende para a sua <strong>estadia em trabalho ou em f\u00e9rias<\/strong>.<\/p>\n<p>Se tiver alguma d\u00favida n\u00e3o hesite em contactar o nosso Departamento de Reservas ou falar directamente com o Hotel.<\/p>\n","protected":false},"excerpt":{"rendered":"<p>Para tornar a sua estadia em Albufeira, no Algarve ainda mais memor\u00e1vel, veja todas as promo\u00e7\u00f5es e ofertas especiais que o Grande Real Santa Eul\u00e1lia Resort &amp; Hotel Spa preparou a pensar em si! Analise cada uma destas promo\u00e7\u00f5es e seleccione a que melhor se adapta ao que pretende para a sua estadia em trabalho [&hellip;]<\/p>\n","protected":false},"author":36,"featured_media":0,"parent":0,"menu_order":60,"comment_status":"closed","ping_status":"closed","template":"template-special-offers.php","meta":{"footnotes":""},"class_list":["post-227","page","type-page","status-publish","hentry"],"yoast_head":"<!-- This site is optimized with the Yoast SEO plugin v26.9 - https:\/\/yoast.com\/product\/yoast-seo-wordpress\/ -->\n<title>Ofertas - Grande Real Santa Eul\u00e1lia Resort &amp; Hotel Spa<\/title>\n<meta name=\"robots\" content=\"index, follow, max-snippet:-1, max-image-preview:large, max-video-preview:-1\" \/>\n<link rel=\"canonical\" href=\"https:\/\/www.granderealsantaeulalia.realhotelsgroup.com\/pt-pt\/ofertas\/\" \/>\n<meta property=\"og:locale\" content=\"pt_PT\" \/>\n<meta property=\"og:type\" content=\"article\" \/>\n<meta property=\"og:title\" content=\"Ofertas - Grande Real Santa Eul\u00e1lia Resort &amp; Hotel Spa\" \/>\n<meta property=\"og:description\" content=\"Para tornar a sua estadia em Albufeira, no Algarve ainda mais memor\u00e1vel, veja todas as promo\u00e7\u00f5es e ofertas especiais que o Grande Real Santa Eul\u00e1lia Resort &amp; Hotel Spa preparou a pensar em si! Analise cada uma destas promo\u00e7\u00f5es e seleccione a que melhor se adapta ao que pretende para a sua estadia em trabalho [&hellip;]\" \/>\n<meta property=\"og:url\" content=\"https:\/\/www.granderealsantaeulalia.realhotelsgroup.com\/pt-pt\/ofertas\/\" \/>\n<meta property=\"og:site_name\" content=\"Grande Real Santa Eul\u00e1lia Resort &amp; Hotel Spa\" \/>\n<meta property=\"article:modified_time\" content=\"2026-04-07T12:56:24+00:00\" \/>\n<meta name=\"twitter:card\" content=\"summary_large_image\" \/>\n<meta name=\"twitter:label1\" content=\"Tempo estimado de leitura\" \/>\n\t<meta name=\"twitter:data1\" content=\"1 minuto\" \/>\n<script type=\"application\/ld+json\" class=\"yoast-schema-graph\">{\"@context\":\"https:\/\/schema.org\",\"@graph\":[{\"@type\":\"WebPage\",\"@id\":\"https:\/\/www.granderealsantaeulalia.realhotelsgroup.com\/pt-pt\/ofertas\/\",\"url\":\"https:\/\/www.granderealsantaeulalia.realhotelsgroup.com\/pt-pt\/ofertas\/\",\"name\":\"Ofertas - Grande Real Santa Eul\u00e1lia Resort & Hotel Spa\",\"isPartOf\":{\"@id\":\"https:\/\/www.granderealsantaeulalia.realhotelsgroup.com\/pt-pt\/#website\"},\"datePublished\":\"2020-11-25T08:42:34+00:00\",\"dateModified\":\"2026-04-07T12:56:24+00:00\",\"breadcrumb\":{\"@id\":\"https:\/\/www.granderealsantaeulalia.realhotelsgroup.com\/pt-pt\/ofertas\/#breadcrumb\"},\"inLanguage\":\"pt-PT\",\"potentialAction\":[{\"@type\":\"ReadAction\",\"target\":[\"https:\/\/www.granderealsantaeulalia.realhotelsgroup.com\/pt-pt\/ofertas\/\"]}]},{\"@type\":\"BreadcrumbList\",\"@id\":\"https:\/\/www.granderealsantaeulalia.realhotelsgroup.com\/pt-pt\/ofertas\/#breadcrumb\",\"itemListElement\":[{\"@type\":\"ListItem\",\"position\":1,\"name\":\"Home\",\"item\":\"https:\/\/www.granderealsantaeulalia.realhotelsgroup.com\/pt-pt\/\"},{\"@type\":\"ListItem\",\"position\":2,\"name\":\"Ofertas\"}]},{\"@type\":\"WebSite\",\"@id\":\"https:\/\/www.granderealsantaeulalia.realhotelsgroup.com\/pt-pt\/#website\",\"url\":\"https:\/\/www.granderealsantaeulalia.realhotelsgroup.com\/pt-pt\/\",\"name\":\"Grande Real Santa Eul\u00e1lia Resort & Hotel Spa\",\"description\":\"Just another ms.decms.eu site\",\"potentialAction\":[{\"@type\":\"SearchAction\",\"target\":{\"@type\":\"EntryPoint\",\"urlTemplate\":\"https:\/\/www.granderealsantaeulalia.realhotelsgroup.com\/pt-pt\/?s={search_term_string}\"},\"query-input\":{\"@type\":\"PropertyValueSpecification\",\"valueRequired\":true,\"valueName\":\"search_term_string\"}}],\"inLanguage\":\"pt-PT\"}]}<\/script>\n<!-- \/ Yoast SEO plugin. -->","yoast_head_json":{"title":"Ofertas - Grande Real Santa Eul\u00e1lia Resort & Hotel Spa","robots":{"index":"index","follow":"follow","max-snippet":"max-snippet:-1","max-image-preview":"max-image-preview:large","max-video-preview":"max-video-preview:-1"},"canonical":"https:\/\/www.granderealsantaeulalia.realhotelsgroup.com\/pt-pt\/ofertas\/","og_locale":"pt_PT","og_type":"article","og_title":"Ofertas - Grande Real Santa Eul\u00e1lia Resort & Hotel Spa","og_description":"Para tornar a sua estadia em Albufeira, no Algarve ainda mais memor\u00e1vel, veja todas as promo\u00e7\u00f5es e ofertas especiais que o Grande Real Santa Eul\u00e1lia Resort &amp; Hotel Spa preparou a pensar em si! Analise cada uma destas promo\u00e7\u00f5es e seleccione a que melhor se adapta ao que pretende para a sua estadia em trabalho [&hellip;]","og_url":"https:\/\/www.granderealsantaeulalia.realhotelsgroup.com\/pt-pt\/ofertas\/","og_site_name":"Grande Real Santa Eul\u00e1lia Resort & Hotel Spa","article_modified_time":"2026-04-07T12:56:24+00:00","twitter_card":"summary_large_image","twitter_misc":{"Tempo estimado de leitura":"1 minuto"},"schema":{"@context":"https:\/\/schema.org","@graph":[{"@type":"WebPage","@id":"https:\/\/www.granderealsantaeulalia.realhotelsgroup.com\/pt-pt\/ofertas\/","url":"https:\/\/www.granderealsantaeulalia.realhotelsgroup.com\/pt-pt\/ofertas\/","name":"Ofertas - Grande Real Santa Eul\u00e1lia Resort & Hotel Spa","isPartOf":{"@id":"https:\/\/www.granderealsantaeulalia.realhotelsgroup.com\/pt-pt\/#website"},"datePublished":"2020-11-25T08:42:34+00:00","dateModified":"2026-04-07T12:56:24+00:00","breadcrumb":{"@id":"https:\/\/www.granderealsantaeulalia.realhotelsgroup.com\/pt-pt\/ofertas\/#breadcrumb"},"inLanguage":"pt-PT","potentialAction":[{"@type":"ReadAction","target":["https:\/\/www.granderealsantaeulalia.realhotelsgroup.com\/pt-pt\/ofertas\/"]}]},{"@type":"BreadcrumbList","@id":"https:\/\/www.granderealsantaeulalia.realhotelsgroup.com\/pt-pt\/ofertas\/#breadcrumb","itemListElement":[{"@type":"ListItem","position":1,"name":"Home","item":"https:\/\/www.granderealsantaeulalia.realhotelsgroup.com\/pt-pt\/"},{"@type":"ListItem","position":2,"name":"Ofertas"}]},{"@type":"WebSite","@id":"https:\/\/www.granderealsantaeulalia.realhotelsgroup.com\/pt-pt\/#website","url":"https:\/\/www.granderealsantaeulalia.realhotelsgroup.com\/pt-pt\/","name":"Grande Real Santa Eul\u00e1lia Resort & Hotel Spa","description":"Just another ms.decms.eu site","potentialAction":[{"@type":"SearchAction","target":{"@type":"EntryPoint","urlTemplate":"https:\/\/www.granderealsantaeulalia.realhotelsgroup.com\/pt-pt\/?s={search_term_string}"},"query-input":{"@type":"PropertyValueSpecification","valueRequired":true,"valueName":"search_term_string"}}],"inLanguage":"pt-PT"}]}},"acf":[],"_links":{"self":[{"href":"https:\/\/www.granderealsantaeulalia.realhotelsgroup.com\/pt-pt\/wp-json\/wp\/v2\/pages\/227","targetHints":{"allow":["GET"]}}],"collection":[{"href":"https:\/\/www.granderealsantaeulalia.realhotelsgroup.com\/pt-pt\/wp-json\/wp\/v2\/pages"}],"about":[{"href":"https:\/\/www.granderealsantaeulalia.realhotelsgroup.com\/pt-pt\/wp-json\/wp\/v2\/types\/page"}],"author":[{"embeddable":true,"href":"https:\/\/www.granderealsantaeulalia.realhotelsgroup.com\/pt-pt\/wp-json\/wp\/v2\/users\/36"}],"replies":[{"embeddable":true,"href":"https:\/\/www.granderealsantaeulalia.realhotelsgroup.com\/pt-pt\/wp-json\/wp\/v2\/comments?post=227"}],"version-history":[{"count":0,"href":"https:\/\/www.granderealsantaeulalia.realhotelsgroup.com\/pt-pt\/wp-json\/wp\/v2\/pages\/227\/revisions"}],"wp:attachment":[{"href":"https:\/\/www.granderealsantaeulalia.realhotelsgroup.com\/pt-pt\/wp-json\/wp\/v2\/media?parent=227"}],"curies":[{"name":"wp","href":"https:\/\/api.w.org\/{rel}","templated":true}]}}