{"id":2453,"date":"2025-02-14T16:20:55","date_gmt":"2025-02-14T16:20:55","guid":{"rendered":"https:\/\/www.granderealsantaeulalia.realhotelsgroup.com\/?page_id=2453"},"modified":"2026-01-28T16:39:14","modified_gmt":"2026-01-28T16:39:14","slug":"brunch-by-the-sea","status":"publish","type":"page","link":"https:\/\/www.granderealsantaeulalia.realhotelsgroup.com\/pt-pt\/restaurantes-e-bares\/brunch-by-the-sea\/","title":{"rendered":"Brunch by the Sea"},"content":{"rendered":"<p>Situado na linda <strong>Praia de Santa Eul\u00e1lia<\/strong>, em <strong>Albufeira<\/strong>, o <strong>Bar Atl\u00e2ntico<\/strong> oferece uma experi\u00eancia \u00fanica de Brunch. Venha saborear pratos frescos e deliciosos enquanto desfruta de uma vista deslumbrante sobre o mar.<\/p>\n<h2>Brunch \u00e0 La Carte<\/h2>\n<p>Se preferir algo mais personalizado, pode optar pelo nosso <strong>Brunch \u00e0 La Carte<\/strong>, com v\u00e1rias op\u00e7\u00f5es deliciosas para todos os gostos: saladas frescas com ingredientes selecionados, ovos Benedict: o cl\u00e1ssico brunch americano com uma toque especial, ovos rotos com bacon, camar\u00e3o ou mesmo salm\u00e3o fumado, bruschettas variadas, sobremesas irresist\u00edveis para ado\u00e7ar o seu dia. N\u00e3o pode deixar de provar as nossas panquecas e waffles servidos com deliciosos toppings.<\/p>\n<p>Acompanhe o seu prato com uma sele\u00e7\u00e3o de bebidas naturais ou refrigerantes, perfeitas para complementar sua refei\u00e7\u00e3o.<\/p>\n<h2>Vista Mar Incompar\u00e1vel<\/h2>\n<p>O Bar Atl\u00e2ntico n\u00e3o oferece apenas uma refei\u00e7\u00e3o deliciosa, mas tamb\u00e9m uma experi\u00eancia inesquec\u00edvel. Relaxe e aprecie a vista maravilhosa sobre o mar, enquanto saboreia o seu Brunch. A brisa do oceano e a tranquilidade do ambiente tornam o momento ainda mais especial.<\/p>\n<p>Junte-se a n\u00f3s e aproveite o melhor Brunch de Albufeira, com a companhia do mar e do sol!<\/p>\n","protected":false},"excerpt":{"rendered":"<p>Situado na linda Praia de Santa Eul\u00e1lia, em Albufeira, o Bar Atl\u00e2ntico oferece uma experi\u00eancia \u00fanica de Brunch. Venha saborear pratos frescos e deliciosos enquanto desfruta de uma vista deslumbrante sobre o mar. Brunch \u00e0 La Carte Se preferir algo mais personalizado, pode optar pelo nosso Brunch \u00e0 La Carte, com v\u00e1rias op\u00e7\u00f5es deliciosas para [&hellip;]<\/p>\n","protected":false},"author":241,"featured_media":2667,"parent":176,"menu_order":0,"comment_status":"closed","ping_status":"closed","template":"template-restaurant.php","meta":{"footnotes":""},"class_list":["post-2453","page","type-page","status-publish","has-post-thumbnail","hentry"],"yoast_head":"<!-- This site is optimized with the Yoast SEO plugin v26.9 - https:\/\/yoast.com\/product\/yoast-seo-wordpress\/ -->\n<title>Brunch by the Sea - Grande Real Santa Eul\u00e1lia Resort &amp; Hotel Spa<\/title>\n<meta name=\"robots\" content=\"index, follow, max-snippet:-1, max-image-preview:large, max-video-preview:-1\" \/>\n<link rel=\"canonical\" href=\"https:\/\/www.granderealsantaeulalia.realhotelsgroup.com\/pt-pt\/restaurantes-e-bares\/brunch-by-the-sea\/\" \/>\n<meta property=\"og:locale\" content=\"pt_PT\" \/>\n<meta property=\"og:type\" content=\"article\" \/>\n<meta property=\"og:title\" content=\"Brunch by the Sea - Grande Real Santa Eul\u00e1lia Resort &amp; Hotel Spa\" \/>\n<meta property=\"og:description\" content=\"Situado na linda Praia de Santa Eul\u00e1lia, em Albufeira, o Bar Atl\u00e2ntico oferece uma experi\u00eancia \u00fanica de Brunch. Venha saborear pratos frescos e deliciosos enquanto desfruta de uma vista deslumbrante sobre o mar. Brunch \u00e0 La Carte Se preferir algo mais personalizado, pode optar pelo nosso Brunch \u00e0 La Carte, com v\u00e1rias op\u00e7\u00f5es deliciosas para [&hellip;]\" \/>\n<meta property=\"og:url\" content=\"https:\/\/www.granderealsantaeulalia.realhotelsgroup.com\/pt-pt\/restaurantes-e-bares\/brunch-by-the-sea\/\" \/>\n<meta property=\"og:site_name\" content=\"Grande Real Santa Eul\u00e1lia Resort &amp; Hotel Spa\" \/>\n<meta property=\"article:modified_time\" content=\"2026-01-28T16:39:14+00:00\" \/>\n<meta property=\"og:image\" content=\"https:\/\/www.granderealsantaeulalia.realhotelsgroup.com\/wp-content\/uploads\/sites\/228\/2026\/01\/Brunch-by-the-Sea-Atlantico-Bar-Praia-Santa-Eulalia.jpg\" \/>\n\t<meta property=\"og:image:width\" content=\"1800\" \/>\n\t<meta property=\"og:image:height\" content=\"1200\" \/>\n\t<meta property=\"og:image:type\" content=\"image\/jpeg\" \/>\n<meta name=\"twitter:card\" content=\"summary_large_image\" \/>\n<meta name=\"twitter:label1\" content=\"Tempo estimado de leitura\" \/>\n\t<meta name=\"twitter:data1\" content=\"1 minuto\" \/>\n<script type=\"application\/ld+json\" class=\"yoast-schema-graph\">{\"@context\":\"https:\/\/schema.org\",\"@graph\":[{\"@type\":\"WebPage\",\"@id\":\"https:\/\/www.granderealsantaeulalia.realhotelsgroup.com\/pt-pt\/restaurantes-e-bares\/brunch-by-the-sea\/\",\"url\":\"https:\/\/www.granderealsantaeulalia.realhotelsgroup.com\/pt-pt\/restaurantes-e-bares\/brunch-by-the-sea\/\",\"name\":\"Brunch by the Sea - Grande Real Santa Eul\u00e1lia Resort & Hotel Spa\",\"isPartOf\":{\"@id\":\"https:\/\/www.granderealsantaeulalia.realhotelsgroup.com\/pt-pt\/#website\"},\"primaryImageOfPage\":{\"@id\":\"https:\/\/www.granderealsantaeulalia.realhotelsgroup.com\/pt-pt\/restaurantes-e-bares\/brunch-by-the-sea\/#primaryimage\"},\"image\":{\"@id\":\"https:\/\/www.granderealsantaeulalia.realhotelsgroup.com\/pt-pt\/restaurantes-e-bares\/brunch-by-the-sea\/#primaryimage\"},\"thumbnailUrl\":\"https:\/\/www.granderealsantaeulalia.realhotelsgroup.com\/wp-content\/uploads\/sites\/228\/2026\/01\/Brunch-by-the-Sea-Atlantico-Bar-Praia-Santa-Eulalia.jpg\",\"datePublished\":\"2025-02-14T16:20:55+00:00\",\"dateModified\":\"2026-01-28T16:39:14+00:00\",\"breadcrumb\":{\"@id\":\"https:\/\/www.granderealsantaeulalia.realhotelsgroup.com\/pt-pt\/restaurantes-e-bares\/brunch-by-the-sea\/#breadcrumb\"},\"inLanguage\":\"pt-PT\",\"potentialAction\":[{\"@type\":\"ReadAction\",\"target\":[\"https:\/\/www.granderealsantaeulalia.realhotelsgroup.com\/pt-pt\/restaurantes-e-bares\/brunch-by-the-sea\/\"]}]},{\"@type\":\"ImageObject\",\"inLanguage\":\"pt-PT\",\"@id\":\"https:\/\/www.granderealsantaeulalia.realhotelsgroup.com\/pt-pt\/restaurantes-e-bares\/brunch-by-the-sea\/#primaryimage\",\"url\":\"https:\/\/www.granderealsantaeulalia.realhotelsgroup.com\/wp-content\/uploads\/sites\/228\/2026\/01\/Brunch-by-the-Sea-Atlantico-Bar-Praia-Santa-Eulalia.jpg\",\"contentUrl\":\"https:\/\/www.granderealsantaeulalia.realhotelsgroup.com\/wp-content\/uploads\/sites\/228\/2026\/01\/Brunch-by-the-Sea-Atlantico-Bar-Praia-Santa-Eulalia.jpg\",\"width\":1800,\"height\":1200},{\"@type\":\"BreadcrumbList\",\"@id\":\"https:\/\/www.granderealsantaeulalia.realhotelsgroup.com\/pt-pt\/restaurantes-e-bares\/brunch-by-the-sea\/#breadcrumb\",\"itemListElement\":[{\"@type\":\"ListItem\",\"position\":1,\"name\":\"Home\",\"item\":\"https:\/\/www.granderealsantaeulalia.realhotelsgroup.com\/pt-pt\/\"},{\"@type\":\"ListItem\",\"position\":2,\"name\":\"Restaurantes e Bares\",\"item\":\"https:\/\/www.granderealsantaeulalia.realhotelsgroup.com\/pt-pt\/restaurantes-e-bares\/\"},{\"@type\":\"ListItem\",\"position\":3,\"name\":\"Brunch by the Sea\"}]},{\"@type\":\"WebSite\",\"@id\":\"https:\/\/www.granderealsantaeulalia.realhotelsgroup.com\/pt-pt\/#website\",\"url\":\"https:\/\/www.granderealsantaeulalia.realhotelsgroup.com\/pt-pt\/\",\"name\":\"Grande Real Santa Eul\u00e1lia Resort & Hotel Spa\",\"description\":\"Just another ms.decms.eu site\",\"potentialAction\":[{\"@type\":\"SearchAction\",\"target\":{\"@type\":\"EntryPoint\",\"urlTemplate\":\"https:\/\/www.granderealsantaeulalia.realhotelsgroup.com\/pt-pt\/?s={search_term_string}\"},\"query-input\":{\"@type\":\"PropertyValueSpecification\",\"valueRequired\":true,\"valueName\":\"search_term_string\"}}],\"inLanguage\":\"pt-PT\"}]}<\/script>\n<!-- \/ Yoast SEO plugin. -->","yoast_head_json":{"title":"Brunch by the Sea - Grande Real Santa Eul\u00e1lia Resort & Hotel Spa","robots":{"index":"index","follow":"follow","max-snippet":"max-snippet:-1","max-image-preview":"max-image-preview:large","max-video-preview":"max-video-preview:-1"},"canonical":"https:\/\/www.granderealsantaeulalia.realhotelsgroup.com\/pt-pt\/restaurantes-e-bares\/brunch-by-the-sea\/","og_locale":"pt_PT","og_type":"article","og_title":"Brunch by the Sea - Grande Real Santa Eul\u00e1lia Resort & Hotel Spa","og_description":"Situado na linda Praia de Santa Eul\u00e1lia, em Albufeira, o Bar Atl\u00e2ntico oferece uma experi\u00eancia \u00fanica de Brunch. Venha saborear pratos frescos e deliciosos enquanto desfruta de uma vista deslumbrante sobre o mar. Brunch \u00e0 La Carte Se preferir algo mais personalizado, pode optar pelo nosso Brunch \u00e0 La Carte, com v\u00e1rias op\u00e7\u00f5es deliciosas para [&hellip;]","og_url":"https:\/\/www.granderealsantaeulalia.realhotelsgroup.com\/pt-pt\/restaurantes-e-bares\/brunch-by-the-sea\/","og_site_name":"Grande Real Santa Eul\u00e1lia Resort & Hotel Spa","article_modified_time":"2026-01-28T16:39:14+00:00","og_image":[{"width":1800,"height":1200,"url":"https:\/\/www.granderealsantaeulalia.realhotelsgroup.com\/wp-content\/uploads\/sites\/228\/2026\/01\/Brunch-by-the-Sea-Atlantico-Bar-Praia-Santa-Eulalia.jpg","type":"image\/jpeg"}],"twitter_card":"summary_large_image","twitter_misc":{"Tempo estimado de leitura":"1 minuto"},"schema":{"@context":"https:\/\/schema.org","@graph":[{"@type":"WebPage","@id":"https:\/\/www.granderealsantaeulalia.realhotelsgroup.com\/pt-pt\/restaurantes-e-bares\/brunch-by-the-sea\/","url":"https:\/\/www.granderealsantaeulalia.realhotelsgroup.com\/pt-pt\/restaurantes-e-bares\/brunch-by-the-sea\/","name":"Brunch by the Sea - Grande Real Santa Eul\u00e1lia Resort & Hotel Spa","isPartOf":{"@id":"https:\/\/www.granderealsantaeulalia.realhotelsgroup.com\/pt-pt\/#website"},"primaryImageOfPage":{"@id":"https:\/\/www.granderealsantaeulalia.realhotelsgroup.com\/pt-pt\/restaurantes-e-bares\/brunch-by-the-sea\/#primaryimage"},"image":{"@id":"https:\/\/www.granderealsantaeulalia.realhotelsgroup.com\/pt-pt\/restaurantes-e-bares\/brunch-by-the-sea\/#primaryimage"},"thumbnailUrl":"https:\/\/www.granderealsantaeulalia.realhotelsgroup.com\/wp-content\/uploads\/sites\/228\/2026\/01\/Brunch-by-the-Sea-Atlantico-Bar-Praia-Santa-Eulalia.jpg","datePublished":"2025-02-14T16:20:55+00:00","dateModified":"2026-01-28T16:39:14+00:00","breadcrumb":{"@id":"https:\/\/www.granderealsantaeulalia.realhotelsgroup.com\/pt-pt\/restaurantes-e-bares\/brunch-by-the-sea\/#breadcrumb"},"inLanguage":"pt-PT","potentialAction":[{"@type":"ReadAction","target":["https:\/\/www.granderealsantaeulalia.realhotelsgroup.com\/pt-pt\/restaurantes-e-bares\/brunch-by-the-sea\/"]}]},{"@type":"ImageObject","inLanguage":"pt-PT","@id":"https:\/\/www.granderealsantaeulalia.realhotelsgroup.com\/pt-pt\/restaurantes-e-bares\/brunch-by-the-sea\/#primaryimage","url":"https:\/\/www.granderealsantaeulalia.realhotelsgroup.com\/wp-content\/uploads\/sites\/228\/2026\/01\/Brunch-by-the-Sea-Atlantico-Bar-Praia-Santa-Eulalia.jpg","contentUrl":"https:\/\/www.granderealsantaeulalia.realhotelsgroup.com\/wp-content\/uploads\/sites\/228\/2026\/01\/Brunch-by-the-Sea-Atlantico-Bar-Praia-Santa-Eulalia.jpg","width":1800,"height":1200},{"@type":"BreadcrumbList","@id":"https:\/\/www.granderealsantaeulalia.realhotelsgroup.com\/pt-pt\/restaurantes-e-bares\/brunch-by-the-sea\/#breadcrumb","itemListElement":[{"@type":"ListItem","position":1,"name":"Home","item":"https:\/\/www.granderealsantaeulalia.realhotelsgroup.com\/pt-pt\/"},{"@type":"ListItem","position":2,"name":"Restaurantes e Bares","item":"https:\/\/www.granderealsantaeulalia.realhotelsgroup.com\/pt-pt\/restaurantes-e-bares\/"},{"@type":"ListItem","position":3,"name":"Brunch by the Sea"}]},{"@type":"WebSite","@id":"https:\/\/www.granderealsantaeulalia.realhotelsgroup.com\/pt-pt\/#website","url":"https:\/\/www.granderealsantaeulalia.realhotelsgroup.com\/pt-pt\/","name":"Grande Real Santa Eul\u00e1lia Resort & Hotel Spa","description":"Just another ms.decms.eu site","potentialAction":[{"@type":"SearchAction","target":{"@type":"EntryPoint","urlTemplate":"https:\/\/www.granderealsantaeulalia.realhotelsgroup.com\/pt-pt\/?s={search_term_string}"},"query-input":{"@type":"PropertyValueSpecification","valueRequired":true,"valueName":"search_term_string"}}],"inLanguage":"pt-PT"}]}},"acf":[],"_links":{"self":[{"href":"https:\/\/www.granderealsantaeulalia.realhotelsgroup.com\/pt-pt\/wp-json\/wp\/v2\/pages\/2453","targetHints":{"allow":["GET"]}}],"collection":[{"href":"https:\/\/www.granderealsantaeulalia.realhotelsgroup.com\/pt-pt\/wp-json\/wp\/v2\/pages"}],"about":[{"href":"https:\/\/www.granderealsantaeulalia.realhotelsgroup.com\/pt-pt\/wp-json\/wp\/v2\/types\/page"}],"author":[{"embeddable":true,"href":"https:\/\/www.granderealsantaeulalia.realhotelsgroup.com\/pt-pt\/wp-json\/wp\/v2\/users\/241"}],"replies":[{"embeddable":true,"href":"https:\/\/www.granderealsantaeulalia.realhotelsgroup.com\/pt-pt\/wp-json\/wp\/v2\/comments?post=2453"}],"version-history":[{"count":0,"href":"https:\/\/www.granderealsantaeulalia.realhotelsgroup.com\/pt-pt\/wp-json\/wp\/v2\/pages\/2453\/revisions"}],"up":[{"embeddable":true,"href":"https:\/\/www.granderealsantaeulalia.realhotelsgroup.com\/pt-pt\/wp-json\/wp\/v2\/pages\/176"}],"wp:featuredmedia":[{"embeddable":true,"href":"https:\/\/www.granderealsantaeulalia.realhotelsgroup.com\/pt-pt\/wp-json\/wp\/v2\/media\/2667"}],"wp:attachment":[{"href":"https:\/\/www.granderealsantaeulalia.realhotelsgroup.com\/pt-pt\/wp-json\/wp\/v2\/media?parent=2453"}],"curies":[{"name":"wp","href":"https:\/\/api.w.org\/{rel}","templated":true}]}}