{"id":260,"date":"2020-11-25T10:20:28","date_gmt":"2020-11-25T10:20:28","guid":{"rendered":"http:\/\/grande-real-santa-eulalia-resort-hotel-spa.ms.decms.eu\/?page_id=260"},"modified":"2026-02-12T16:18:07","modified_gmt":"2026-02-12T16:18:07","slug":"reunioes-e-eventos","status":"publish","type":"page","link":"https:\/\/www.granderealsantaeulalia.realhotelsgroup.com\/pt-pt\/reunioes-e-eventos\/","title":{"rendered":"Reuni\u00f5es e Eventos"},"content":{"rendered":"<p>O ambiente m\u00e1gico da <strong>praia de Santa Eul\u00e1lia<\/strong>, aliado a uma variedade de servi\u00e7os tornam o <strong>Grande Real Santa Eul\u00e1lia Resort &amp; Hotel Spa<\/strong> num destino irresist\u00edvel para a realiza\u00e7\u00e3o de uma reuni\u00e3o ou evento.<\/p>\n<p>Inicie o seu dia de trabalho numa das <strong>15 salas<\/strong> multifuncionais com cerca de 1200m2 e <strong>capacidade m\u00e1xima para 700 pessoas<\/strong>, totalmente equipadas. Para al\u00e9m da capacidade de adapta\u00e7\u00e3o do espa\u00e7o, as nossas salas distinguem-se pela <strong>luz natural<\/strong> e proximidade do mar com acesso directo aos <strong>jardins e zonas verdes<\/strong>, bem como \u00e0 praia de Santa Eul\u00e1lia.<\/p>\n<p><strong>Fa\u00e7a uma pausa na sua reuni\u00e3o, num espa\u00e7o exterior com vista para o mar,<\/strong> exclusivo para a sua empresa e disfrute um dos diversos menus ou coffee-breaks que concebemos especialmente para si ou componha um totalmente personalizado. Temos \u00e0 sua disposi\u00e7\u00e3o uma vasta <strong>oferta de servi\u00e7os<\/strong>, incluindo o <strong>servi\u00e7o de decora\u00e7\u00e3o e material audiovisual<\/strong>.<\/p>\n<p>Para acontecimentos mais animados, reservamos-lhe a <strong>discoteca Le Club<\/strong>. Este espa\u00e7o est\u00e1 localizado mesmo em frente \u00e0 <strong>praia<\/strong>. Aqui pode surpreender com um <strong>jantar<\/strong> feito \u00e0 sua medida, seguido de uma<strong> festa com DJ<\/strong> exclusivo.<\/p>\n<p>No <strong>Grande Real Santa Eul\u00e1lia Resort &amp; Hotel Spa<\/strong> s\u00e3o v\u00e1rios os cen\u00e1rios que pode escolher para o seu evento, tendo sempre como pano de fundo uma localiza\u00e7\u00e3o singular &#8211; a praia de Santa Eul\u00e1lia.<\/p>\n<p>Visite o nosso site oficial<strong>\u00a0Real Events<\/strong>\u00a0e fique a conhecer estes e outros espa\u00e7os que temos dispon\u00edveis para realizar os seus eventos.<\/p>\n","protected":false},"excerpt":{"rendered":"<p>O ambiente m\u00e1gico da praia de Santa Eul\u00e1lia, aliado a uma variedade de servi\u00e7os tornam o Grande Real Santa Eul\u00e1lia Resort &amp; Hotel Spa num destino irresist\u00edvel para a realiza\u00e7\u00e3o de uma reuni\u00e3o ou evento. Inicie o seu dia de trabalho numa das 15 salas multifuncionais com cerca de 1200m2 e capacidade m\u00e1xima para 700 [&hellip;]<\/p>\n","protected":false},"author":36,"featured_media":0,"parent":0,"menu_order":80,"comment_status":"closed","ping_status":"closed","template":"template-meetings-events.php","meta":{"footnotes":""},"class_list":["post-260","page","type-page","status-publish","hentry"],"yoast_head":"<!-- This site is optimized with the Yoast SEO plugin v26.9 - https:\/\/yoast.com\/product\/yoast-seo-wordpress\/ -->\n<title>Reuni\u00f5es e Eventos - Grande Real Santa Eul\u00e1lia Resort &amp; Hotel Spa<\/title>\n<meta name=\"robots\" content=\"index, follow, max-snippet:-1, max-image-preview:large, max-video-preview:-1\" \/>\n<link rel=\"canonical\" href=\"https:\/\/www.granderealsantaeulalia.realhotelsgroup.com\/pt-pt\/reunioes-e-eventos\/\" \/>\n<meta property=\"og:locale\" content=\"pt_PT\" \/>\n<meta property=\"og:type\" content=\"article\" \/>\n<meta property=\"og:title\" content=\"Reuni\u00f5es e Eventos - Grande Real Santa Eul\u00e1lia Resort &amp; Hotel Spa\" \/>\n<meta property=\"og:description\" content=\"O ambiente m\u00e1gico da praia de Santa Eul\u00e1lia, aliado a uma variedade de servi\u00e7os tornam o Grande Real Santa Eul\u00e1lia Resort &amp; Hotel Spa num destino irresist\u00edvel para a realiza\u00e7\u00e3o de uma reuni\u00e3o ou evento. Inicie o seu dia de trabalho numa das 15 salas multifuncionais com cerca de 1200m2 e capacidade m\u00e1xima para 700 [&hellip;]\" \/>\n<meta property=\"og:url\" content=\"https:\/\/www.granderealsantaeulalia.realhotelsgroup.com\/pt-pt\/reunioes-e-eventos\/\" \/>\n<meta property=\"og:site_name\" content=\"Grande Real Santa Eul\u00e1lia Resort &amp; Hotel Spa\" \/>\n<meta property=\"article:modified_time\" content=\"2026-02-12T16:18:07+00:00\" \/>\n<meta name=\"twitter:card\" content=\"summary_large_image\" \/>\n<meta name=\"twitter:label1\" content=\"Tempo estimado de leitura\" \/>\n\t<meta name=\"twitter:data1\" content=\"2 minutos\" \/>\n<script type=\"application\/ld+json\" class=\"yoast-schema-graph\">{\"@context\":\"https:\/\/schema.org\",\"@graph\":[{\"@type\":\"WebPage\",\"@id\":\"https:\/\/www.granderealsantaeulalia.realhotelsgroup.com\/pt-pt\/reunioes-e-eventos\/\",\"url\":\"https:\/\/www.granderealsantaeulalia.realhotelsgroup.com\/pt-pt\/reunioes-e-eventos\/\",\"name\":\"Reuni\u00f5es e Eventos - Grande Real Santa Eul\u00e1lia Resort & Hotel Spa\",\"isPartOf\":{\"@id\":\"https:\/\/www.granderealsantaeulalia.realhotelsgroup.com\/pt-pt\/#website\"},\"datePublished\":\"2020-11-25T10:20:28+00:00\",\"dateModified\":\"2026-02-12T16:18:07+00:00\",\"breadcrumb\":{\"@id\":\"https:\/\/www.granderealsantaeulalia.realhotelsgroup.com\/pt-pt\/reunioes-e-eventos\/#breadcrumb\"},\"inLanguage\":\"pt-PT\",\"potentialAction\":[{\"@type\":\"ReadAction\",\"target\":[\"https:\/\/www.granderealsantaeulalia.realhotelsgroup.com\/pt-pt\/reunioes-e-eventos\/\"]}]},{\"@type\":\"BreadcrumbList\",\"@id\":\"https:\/\/www.granderealsantaeulalia.realhotelsgroup.com\/pt-pt\/reunioes-e-eventos\/#breadcrumb\",\"itemListElement\":[{\"@type\":\"ListItem\",\"position\":1,\"name\":\"Home\",\"item\":\"https:\/\/www.granderealsantaeulalia.realhotelsgroup.com\/pt-pt\/\"},{\"@type\":\"ListItem\",\"position\":2,\"name\":\"Reuni\u00f5es e Eventos\"}]},{\"@type\":\"WebSite\",\"@id\":\"https:\/\/www.granderealsantaeulalia.realhotelsgroup.com\/pt-pt\/#website\",\"url\":\"https:\/\/www.granderealsantaeulalia.realhotelsgroup.com\/pt-pt\/\",\"name\":\"Grande Real Santa Eul\u00e1lia Resort & Hotel Spa\",\"description\":\"Just another ms.decms.eu site\",\"potentialAction\":[{\"@type\":\"SearchAction\",\"target\":{\"@type\":\"EntryPoint\",\"urlTemplate\":\"https:\/\/www.granderealsantaeulalia.realhotelsgroup.com\/pt-pt\/?s={search_term_string}\"},\"query-input\":{\"@type\":\"PropertyValueSpecification\",\"valueRequired\":true,\"valueName\":\"search_term_string\"}}],\"inLanguage\":\"pt-PT\"}]}<\/script>\n<!-- \/ Yoast SEO plugin. -->","yoast_head_json":{"title":"Reuni\u00f5es e Eventos - Grande Real Santa Eul\u00e1lia Resort & Hotel Spa","robots":{"index":"index","follow":"follow","max-snippet":"max-snippet:-1","max-image-preview":"max-image-preview:large","max-video-preview":"max-video-preview:-1"},"canonical":"https:\/\/www.granderealsantaeulalia.realhotelsgroup.com\/pt-pt\/reunioes-e-eventos\/","og_locale":"pt_PT","og_type":"article","og_title":"Reuni\u00f5es e Eventos - Grande Real Santa Eul\u00e1lia Resort & Hotel Spa","og_description":"O ambiente m\u00e1gico da praia de Santa Eul\u00e1lia, aliado a uma variedade de servi\u00e7os tornam o Grande Real Santa Eul\u00e1lia Resort &amp; Hotel Spa num destino irresist\u00edvel para a realiza\u00e7\u00e3o de uma reuni\u00e3o ou evento. Inicie o seu dia de trabalho numa das 15 salas multifuncionais com cerca de 1200m2 e capacidade m\u00e1xima para 700 [&hellip;]","og_url":"https:\/\/www.granderealsantaeulalia.realhotelsgroup.com\/pt-pt\/reunioes-e-eventos\/","og_site_name":"Grande Real Santa Eul\u00e1lia Resort & Hotel Spa","article_modified_time":"2026-02-12T16:18:07+00:00","twitter_card":"summary_large_image","twitter_misc":{"Tempo estimado de leitura":"2 minutos"},"schema":{"@context":"https:\/\/schema.org","@graph":[{"@type":"WebPage","@id":"https:\/\/www.granderealsantaeulalia.realhotelsgroup.com\/pt-pt\/reunioes-e-eventos\/","url":"https:\/\/www.granderealsantaeulalia.realhotelsgroup.com\/pt-pt\/reunioes-e-eventos\/","name":"Reuni\u00f5es e Eventos - Grande Real Santa Eul\u00e1lia Resort & Hotel Spa","isPartOf":{"@id":"https:\/\/www.granderealsantaeulalia.realhotelsgroup.com\/pt-pt\/#website"},"datePublished":"2020-11-25T10:20:28+00:00","dateModified":"2026-02-12T16:18:07+00:00","breadcrumb":{"@id":"https:\/\/www.granderealsantaeulalia.realhotelsgroup.com\/pt-pt\/reunioes-e-eventos\/#breadcrumb"},"inLanguage":"pt-PT","potentialAction":[{"@type":"ReadAction","target":["https:\/\/www.granderealsantaeulalia.realhotelsgroup.com\/pt-pt\/reunioes-e-eventos\/"]}]},{"@type":"BreadcrumbList","@id":"https:\/\/www.granderealsantaeulalia.realhotelsgroup.com\/pt-pt\/reunioes-e-eventos\/#breadcrumb","itemListElement":[{"@type":"ListItem","position":1,"name":"Home","item":"https:\/\/www.granderealsantaeulalia.realhotelsgroup.com\/pt-pt\/"},{"@type":"ListItem","position":2,"name":"Reuni\u00f5es e Eventos"}]},{"@type":"WebSite","@id":"https:\/\/www.granderealsantaeulalia.realhotelsgroup.com\/pt-pt\/#website","url":"https:\/\/www.granderealsantaeulalia.realhotelsgroup.com\/pt-pt\/","name":"Grande Real Santa Eul\u00e1lia Resort & Hotel Spa","description":"Just another ms.decms.eu site","potentialAction":[{"@type":"SearchAction","target":{"@type":"EntryPoint","urlTemplate":"https:\/\/www.granderealsantaeulalia.realhotelsgroup.com\/pt-pt\/?s={search_term_string}"},"query-input":{"@type":"PropertyValueSpecification","valueRequired":true,"valueName":"search_term_string"}}],"inLanguage":"pt-PT"}]}},"acf":[],"_links":{"self":[{"href":"https:\/\/www.granderealsantaeulalia.realhotelsgroup.com\/pt-pt\/wp-json\/wp\/v2\/pages\/260","targetHints":{"allow":["GET"]}}],"collection":[{"href":"https:\/\/www.granderealsantaeulalia.realhotelsgroup.com\/pt-pt\/wp-json\/wp\/v2\/pages"}],"about":[{"href":"https:\/\/www.granderealsantaeulalia.realhotelsgroup.com\/pt-pt\/wp-json\/wp\/v2\/types\/page"}],"author":[{"embeddable":true,"href":"https:\/\/www.granderealsantaeulalia.realhotelsgroup.com\/pt-pt\/wp-json\/wp\/v2\/users\/36"}],"replies":[{"embeddable":true,"href":"https:\/\/www.granderealsantaeulalia.realhotelsgroup.com\/pt-pt\/wp-json\/wp\/v2\/comments?post=260"}],"version-history":[{"count":0,"href":"https:\/\/www.granderealsantaeulalia.realhotelsgroup.com\/pt-pt\/wp-json\/wp\/v2\/pages\/260\/revisions"}],"wp:attachment":[{"href":"https:\/\/www.granderealsantaeulalia.realhotelsgroup.com\/pt-pt\/wp-json\/wp\/v2\/media?parent=260"}],"curies":[{"name":"wp","href":"https:\/\/api.w.org\/{rel}","templated":true}]}}