{"id":329,"date":"2020-11-25T15:53:38","date_gmt":"2020-11-25T15:53:38","guid":{"rendered":"http:\/\/grande-real-santa-eulalia-resort-hotel-spa.ms.decms.eu\/?page_id=329"},"modified":"2021-10-26T12:55:27","modified_gmt":"2021-10-26T12:55:27","slug":"algarve-olhos-de-agua-e-albufeira","status":"publish","type":"page","link":"https:\/\/www.granderealsantaeulalia.realhotelsgroup.com\/pt-pt\/algarve-olhos-de-agua-e-albufeira\/","title":{"rendered":"Algarve &#8211; Olhos de \u00c1gua e Albufeira"},"content":{"rendered":"<p>Uma fascinante regi\u00e3o que re\u00fane riqueza natural, hist\u00f3ria, excelente gastronomia e in\u00fameras actividades recreativas.<br \/>\nTudo isto sempre sob o magn\u00edfico Sol do Algarve. Com praias a perder de vista e a serra como pano de fundo, a riqueza natural da regi\u00e3o \u00e9 ineg\u00e1vel, tendo o Parque Natural da Ria Formosa sido eleito como uma das 7 Maravilhas Naturais de Portugal.<\/p>\n<p>Para al\u00e9m da sua paisagem paradis\u00edaca, o Algarve \u00e9 tamb\u00e9m conhecido pela sua vasta oferta de entretenimento, t\u00e3o afamada pela regi\u00e3o de Albufeira com esplanadas, bares e discotecas onde pode descontrair e divertir-se. Quem procura actividades diferentes, poder\u00e1 tamb\u00e9m optar por um passeio de barco, desportos aqu\u00e1ticos, golfe ou mesmo<br \/>\npor uma caminhada por emblem\u00e1ticas regi\u00f5es que ditaram parte da hist\u00f3ria de Portugal.<\/p>\n","protected":false},"excerpt":{"rendered":"<p>Uma fascinante regi\u00e3o que re\u00fane riqueza natural, hist\u00f3ria, excelente gastronomia e in\u00fameras actividades recreativas. Tudo isto sempre sob o magn\u00edfico Sol do Algarve. Com praias a perder de vista e a serra como pano de fundo, a riqueza natural da regi\u00e3o \u00e9 ineg\u00e1vel, tendo o Parque Natural da Ria Formosa sido eleito como uma das [&hellip;]<\/p>\n","protected":false},"author":3,"featured_media":0,"parent":0,"menu_order":110,"comment_status":"closed","ping_status":"closed","template":"","meta":{"footnotes":""},"class_list":["post-329","page","type-page","status-publish","hentry"],"yoast_head":"<!-- This site is optimized with the Yoast SEO plugin v26.9 - https:\/\/yoast.com\/product\/yoast-seo-wordpress\/ -->\n<title>Algarve - Olhos de \u00c1gua e Albufeira - Grande Real Santa Eul\u00e1lia Resort &amp; Hotel Spa<\/title>\n<meta name=\"robots\" content=\"index, follow, max-snippet:-1, max-image-preview:large, max-video-preview:-1\" \/>\n<link rel=\"canonical\" href=\"https:\/\/www.granderealsantaeulalia.realhotelsgroup.com\/pt-pt\/algarve-olhos-de-agua-e-albufeira\/\" \/>\n<meta property=\"og:locale\" content=\"pt_PT\" \/>\n<meta property=\"og:type\" content=\"article\" \/>\n<meta property=\"og:title\" content=\"Algarve - Olhos de \u00c1gua e Albufeira - Grande Real Santa Eul\u00e1lia Resort &amp; Hotel Spa\" \/>\n<meta property=\"og:description\" content=\"Uma fascinante regi\u00e3o que re\u00fane riqueza natural, hist\u00f3ria, excelente gastronomia e in\u00fameras actividades recreativas. Tudo isto sempre sob o magn\u00edfico Sol do Algarve. Com praias a perder de vista e a serra como pano de fundo, a riqueza natural da regi\u00e3o \u00e9 ineg\u00e1vel, tendo o Parque Natural da Ria Formosa sido eleito como uma das [&hellip;]\" \/>\n<meta property=\"og:url\" content=\"https:\/\/www.granderealsantaeulalia.realhotelsgroup.com\/pt-pt\/algarve-olhos-de-agua-e-albufeira\/\" \/>\n<meta property=\"og:site_name\" content=\"Grande Real Santa Eul\u00e1lia Resort &amp; Hotel Spa\" \/>\n<meta property=\"article:modified_time\" content=\"2021-10-26T12:55:27+00:00\" \/>\n<meta name=\"twitter:card\" content=\"summary_large_image\" \/>\n<meta name=\"twitter:label1\" content=\"Tempo estimado de leitura\" \/>\n\t<meta name=\"twitter:data1\" content=\"1 minuto\" \/>\n<script type=\"application\/ld+json\" class=\"yoast-schema-graph\">{\"@context\":\"https:\/\/schema.org\",\"@graph\":[{\"@type\":\"WebPage\",\"@id\":\"https:\/\/www.granderealsantaeulalia.realhotelsgroup.com\/pt-pt\/algarve-olhos-de-agua-e-albufeira\/\",\"url\":\"https:\/\/www.granderealsantaeulalia.realhotelsgroup.com\/pt-pt\/algarve-olhos-de-agua-e-albufeira\/\",\"name\":\"Algarve - Olhos de \u00c1gua e Albufeira - Grande Real Santa Eul\u00e1lia Resort & Hotel Spa\",\"isPartOf\":{\"@id\":\"https:\/\/www.granderealsantaeulalia.realhotelsgroup.com\/pt-pt\/#website\"},\"datePublished\":\"2020-11-25T15:53:38+00:00\",\"dateModified\":\"2021-10-26T12:55:27+00:00\",\"breadcrumb\":{\"@id\":\"https:\/\/www.granderealsantaeulalia.realhotelsgroup.com\/pt-pt\/algarve-olhos-de-agua-e-albufeira\/#breadcrumb\"},\"inLanguage\":\"pt-PT\",\"potentialAction\":[{\"@type\":\"ReadAction\",\"target\":[\"https:\/\/www.granderealsantaeulalia.realhotelsgroup.com\/pt-pt\/algarve-olhos-de-agua-e-albufeira\/\"]}]},{\"@type\":\"BreadcrumbList\",\"@id\":\"https:\/\/www.granderealsantaeulalia.realhotelsgroup.com\/pt-pt\/algarve-olhos-de-agua-e-albufeira\/#breadcrumb\",\"itemListElement\":[{\"@type\":\"ListItem\",\"position\":1,\"name\":\"Home\",\"item\":\"https:\/\/www.granderealsantaeulalia.realhotelsgroup.com\/pt-pt\/\"},{\"@type\":\"ListItem\",\"position\":2,\"name\":\"Algarve &#8211; Olhos de \u00c1gua e Albufeira\"}]},{\"@type\":\"WebSite\",\"@id\":\"https:\/\/www.granderealsantaeulalia.realhotelsgroup.com\/pt-pt\/#website\",\"url\":\"https:\/\/www.granderealsantaeulalia.realhotelsgroup.com\/pt-pt\/\",\"name\":\"Grande Real Santa Eul\u00e1lia Resort & Hotel Spa\",\"description\":\"Just another ms.decms.eu site\",\"potentialAction\":[{\"@type\":\"SearchAction\",\"target\":{\"@type\":\"EntryPoint\",\"urlTemplate\":\"https:\/\/www.granderealsantaeulalia.realhotelsgroup.com\/pt-pt\/?s={search_term_string}\"},\"query-input\":{\"@type\":\"PropertyValueSpecification\",\"valueRequired\":true,\"valueName\":\"search_term_string\"}}],\"inLanguage\":\"pt-PT\"}]}<\/script>\n<!-- \/ Yoast SEO plugin. -->","yoast_head_json":{"title":"Algarve - Olhos de \u00c1gua e Albufeira - Grande Real Santa Eul\u00e1lia Resort & Hotel Spa","robots":{"index":"index","follow":"follow","max-snippet":"max-snippet:-1","max-image-preview":"max-image-preview:large","max-video-preview":"max-video-preview:-1"},"canonical":"https:\/\/www.granderealsantaeulalia.realhotelsgroup.com\/pt-pt\/algarve-olhos-de-agua-e-albufeira\/","og_locale":"pt_PT","og_type":"article","og_title":"Algarve - Olhos de \u00c1gua e Albufeira - Grande Real Santa Eul\u00e1lia Resort & Hotel Spa","og_description":"Uma fascinante regi\u00e3o que re\u00fane riqueza natural, hist\u00f3ria, excelente gastronomia e in\u00fameras actividades recreativas. Tudo isto sempre sob o magn\u00edfico Sol do Algarve. Com praias a perder de vista e a serra como pano de fundo, a riqueza natural da regi\u00e3o \u00e9 ineg\u00e1vel, tendo o Parque Natural da Ria Formosa sido eleito como uma das [&hellip;]","og_url":"https:\/\/www.granderealsantaeulalia.realhotelsgroup.com\/pt-pt\/algarve-olhos-de-agua-e-albufeira\/","og_site_name":"Grande Real Santa Eul\u00e1lia Resort & Hotel Spa","article_modified_time":"2021-10-26T12:55:27+00:00","twitter_card":"summary_large_image","twitter_misc":{"Tempo estimado de leitura":"1 minuto"},"schema":{"@context":"https:\/\/schema.org","@graph":[{"@type":"WebPage","@id":"https:\/\/www.granderealsantaeulalia.realhotelsgroup.com\/pt-pt\/algarve-olhos-de-agua-e-albufeira\/","url":"https:\/\/www.granderealsantaeulalia.realhotelsgroup.com\/pt-pt\/algarve-olhos-de-agua-e-albufeira\/","name":"Algarve - Olhos de \u00c1gua e Albufeira - Grande Real Santa Eul\u00e1lia Resort & Hotel Spa","isPartOf":{"@id":"https:\/\/www.granderealsantaeulalia.realhotelsgroup.com\/pt-pt\/#website"},"datePublished":"2020-11-25T15:53:38+00:00","dateModified":"2021-10-26T12:55:27+00:00","breadcrumb":{"@id":"https:\/\/www.granderealsantaeulalia.realhotelsgroup.com\/pt-pt\/algarve-olhos-de-agua-e-albufeira\/#breadcrumb"},"inLanguage":"pt-PT","potentialAction":[{"@type":"ReadAction","target":["https:\/\/www.granderealsantaeulalia.realhotelsgroup.com\/pt-pt\/algarve-olhos-de-agua-e-albufeira\/"]}]},{"@type":"BreadcrumbList","@id":"https:\/\/www.granderealsantaeulalia.realhotelsgroup.com\/pt-pt\/algarve-olhos-de-agua-e-albufeira\/#breadcrumb","itemListElement":[{"@type":"ListItem","position":1,"name":"Home","item":"https:\/\/www.granderealsantaeulalia.realhotelsgroup.com\/pt-pt\/"},{"@type":"ListItem","position":2,"name":"Algarve &#8211; Olhos de \u00c1gua e Albufeira"}]},{"@type":"WebSite","@id":"https:\/\/www.granderealsantaeulalia.realhotelsgroup.com\/pt-pt\/#website","url":"https:\/\/www.granderealsantaeulalia.realhotelsgroup.com\/pt-pt\/","name":"Grande Real Santa Eul\u00e1lia Resort & Hotel Spa","description":"Just another ms.decms.eu site","potentialAction":[{"@type":"SearchAction","target":{"@type":"EntryPoint","urlTemplate":"https:\/\/www.granderealsantaeulalia.realhotelsgroup.com\/pt-pt\/?s={search_term_string}"},"query-input":{"@type":"PropertyValueSpecification","valueRequired":true,"valueName":"search_term_string"}}],"inLanguage":"pt-PT"}]}},"acf":[],"_links":{"self":[{"href":"https:\/\/www.granderealsantaeulalia.realhotelsgroup.com\/pt-pt\/wp-json\/wp\/v2\/pages\/329","targetHints":{"allow":["GET"]}}],"collection":[{"href":"https:\/\/www.granderealsantaeulalia.realhotelsgroup.com\/pt-pt\/wp-json\/wp\/v2\/pages"}],"about":[{"href":"https:\/\/www.granderealsantaeulalia.realhotelsgroup.com\/pt-pt\/wp-json\/wp\/v2\/types\/page"}],"author":[{"embeddable":true,"href":"https:\/\/www.granderealsantaeulalia.realhotelsgroup.com\/pt-pt\/wp-json\/wp\/v2\/users\/3"}],"replies":[{"embeddable":true,"href":"https:\/\/www.granderealsantaeulalia.realhotelsgroup.com\/pt-pt\/wp-json\/wp\/v2\/comments?post=329"}],"version-history":[{"count":0,"href":"https:\/\/www.granderealsantaeulalia.realhotelsgroup.com\/pt-pt\/wp-json\/wp\/v2\/pages\/329\/revisions"}],"wp:attachment":[{"href":"https:\/\/www.granderealsantaeulalia.realhotelsgroup.com\/pt-pt\/wp-json\/wp\/v2\/media?parent=329"}],"curies":[{"name":"wp","href":"https:\/\/api.w.org\/{rel}","templated":true}]}}