{"id":341,"date":"2020-11-26T08:23:15","date_gmt":"2020-11-26T08:23:15","guid":{"rendered":"http:\/\/grande-real-santa-eulalia-resort-hotel-spa.ms.decms.eu\/?page_id=341"},"modified":"2026-03-10T13:13:04","modified_gmt":"2026-03-10T13:13:04","slug":"ferias-em-familia","status":"publish","type":"page","link":"https:\/\/www.granderealsantaeulalia.realhotelsgroup.com\/pt-pt\/ferias-em-familia\/","title":{"rendered":"F\u00e9rias em fam\u00edlia"},"content":{"rendered":"<p>No <strong>Grande Real Santa Eul\u00e1lia Resort &amp; Hotel Spa<\/strong> as suas <strong>f\u00e9rias em fam\u00edlia<\/strong> estar\u00e3o repletas de momentos inesquec\u00edveis. Localizado na <strong>praia de Santa Eul\u00e1lia<\/strong> em <strong>Albufeira<\/strong>, este <strong>hotel e resort<\/strong> \u00e9 a op\u00e7\u00e3o ideal para <strong>f\u00e9rias no <a href=\"https:\/\/www.granderealsantaeulalia.realhotelsgroup.com\/pt-pt\/algarve-olhos-de-agua-e-albufeira\/\">Algarve<\/a><\/strong>.<\/p>\n<p>Com v\u00e1rios <a href=\"https:\/\/www.granderealsantaeulalia.realhotelsgroup.com\/pt-pt\/restaurantes-e-bares\/\"><strong>restaurantes e bares<\/strong><\/a>, <strong>anima\u00e7\u00e3o<\/strong> e <strong>acesso directo \u00e0 praia<\/strong>, aqui encontrar\u00e1 todas as comodidades para si e para as suas crian\u00e7as.<\/p>\n<p>No <strong>Realito Kids Club<\/strong>, os mais pequenos encontram um mundo \u00e0 sua medida com muitas actividades para dar azo \u00e0 imagina\u00e7\u00e3o, sempre acompanhados por uma equipa de profissionais, devidamente qualificados. E para actividades em fam\u00edlia, lan\u00e7amos-lhe o desafio: um passeio de barco, uma visita ao Zoo Marine, ou um Safari s\u00e3o apenas algumas das nossas sugest\u00f5es.<\/p>\n<p>E, para a sua estadia opte por reservar um dos nossos <strong>apartamentos totalmente equipados<\/strong>, com tipologias de T0, T1 e T2.<\/p>\n<p>Sinta-se em casa e desfrute de todas as facilidades que temos para oferecer \u00e0 sua fam\u00edlia.<\/p>\n","protected":false},"excerpt":{"rendered":"<p>No Grande Real Santa Eul\u00e1lia Resort &amp; Hotel Spa as suas f\u00e9rias em fam\u00edlia estar\u00e3o repletas de momentos inesquec\u00edveis. Localizado na praia de Santa Eul\u00e1lia em Albufeira, este hotel e resort \u00e9 a op\u00e7\u00e3o ideal para f\u00e9rias no Algarve. Com v\u00e1rios restaurantes e bares, anima\u00e7\u00e3o e acesso directo \u00e0 praia, aqui encontrar\u00e1 todas as comodidades [&hellip;]<\/p>\n","protected":false},"author":3,"featured_media":1609,"parent":0,"menu_order":130,"comment_status":"closed","ping_status":"closed","template":"","meta":{"footnotes":""},"class_list":["post-341","page","type-page","status-publish","has-post-thumbnail","hentry"],"yoast_head":"<!-- This site is optimized with the Yoast SEO plugin v26.9 - https:\/\/yoast.com\/product\/yoast-seo-wordpress\/ -->\n<title>F\u00e9rias em fam\u00edlia - Grande Real Santa Eul\u00e1lia Resort &amp; Hotel Spa<\/title>\n<meta name=\"robots\" content=\"index, follow, max-snippet:-1, max-image-preview:large, max-video-preview:-1\" \/>\n<link rel=\"canonical\" href=\"https:\/\/www.granderealsantaeulalia.realhotelsgroup.com\/pt-pt\/ferias-em-familia\/\" \/>\n<meta property=\"og:locale\" content=\"pt_PT\" \/>\n<meta property=\"og:type\" content=\"article\" \/>\n<meta property=\"og:title\" content=\"F\u00e9rias em fam\u00edlia - Grande Real Santa Eul\u00e1lia Resort &amp; Hotel Spa\" \/>\n<meta property=\"og:description\" content=\"No Grande Real Santa Eul\u00e1lia Resort &amp; Hotel Spa as suas f\u00e9rias em fam\u00edlia estar\u00e3o repletas de momentos inesquec\u00edveis. Localizado na praia de Santa Eul\u00e1lia em Albufeira, este hotel e resort \u00e9 a op\u00e7\u00e3o ideal para f\u00e9rias no Algarve. Com v\u00e1rios restaurantes e bares, anima\u00e7\u00e3o e acesso directo \u00e0 praia, aqui encontrar\u00e1 todas as comodidades [&hellip;]\" \/>\n<meta property=\"og:url\" content=\"https:\/\/www.granderealsantaeulalia.realhotelsgroup.com\/pt-pt\/ferias-em-familia\/\" \/>\n<meta property=\"og:site_name\" content=\"Grande Real Santa Eul\u00e1lia Resort &amp; Hotel Spa\" \/>\n<meta property=\"article:modified_time\" content=\"2026-03-10T13:13:04+00:00\" \/>\n<meta property=\"og:image\" content=\"https:\/\/www.granderealsantaeulalia.realhotelsgroup.com\/wp-content\/uploads\/sites\/228\/2023\/03\/Kids-Club-2023-Grande-Real-Santa-Eulalia-Hotel-Albufeira.jpg\" \/>\n\t<meta property=\"og:image:width\" content=\"1800\" \/>\n\t<meta property=\"og:image:height\" content=\"1200\" \/>\n\t<meta property=\"og:image:type\" content=\"image\/jpeg\" \/>\n<meta name=\"twitter:card\" content=\"summary_large_image\" \/>\n<meta name=\"twitter:label1\" content=\"Tempo estimado de leitura\" \/>\n\t<meta name=\"twitter:data1\" content=\"1 minuto\" \/>\n<script type=\"application\/ld+json\" class=\"yoast-schema-graph\">{\"@context\":\"https:\/\/schema.org\",\"@graph\":[{\"@type\":\"WebPage\",\"@id\":\"https:\/\/www.granderealsantaeulalia.realhotelsgroup.com\/pt-pt\/ferias-em-familia\/\",\"url\":\"https:\/\/www.granderealsantaeulalia.realhotelsgroup.com\/pt-pt\/ferias-em-familia\/\",\"name\":\"F\u00e9rias em fam\u00edlia - Grande Real Santa Eul\u00e1lia Resort & Hotel Spa\",\"isPartOf\":{\"@id\":\"https:\/\/www.granderealsantaeulalia.realhotelsgroup.com\/pt-pt\/#website\"},\"primaryImageOfPage\":{\"@id\":\"https:\/\/www.granderealsantaeulalia.realhotelsgroup.com\/pt-pt\/ferias-em-familia\/#primaryimage\"},\"image\":{\"@id\":\"https:\/\/www.granderealsantaeulalia.realhotelsgroup.com\/pt-pt\/ferias-em-familia\/#primaryimage\"},\"thumbnailUrl\":\"https:\/\/www.granderealsantaeulalia.realhotelsgroup.com\/wp-content\/uploads\/sites\/228\/2023\/03\/Kids-Club-2023-Grande-Real-Santa-Eulalia-Hotel-Albufeira.jpg\",\"datePublished\":\"2020-11-26T08:23:15+00:00\",\"dateModified\":\"2026-03-10T13:13:04+00:00\",\"breadcrumb\":{\"@id\":\"https:\/\/www.granderealsantaeulalia.realhotelsgroup.com\/pt-pt\/ferias-em-familia\/#breadcrumb\"},\"inLanguage\":\"pt-PT\",\"potentialAction\":[{\"@type\":\"ReadAction\",\"target\":[\"https:\/\/www.granderealsantaeulalia.realhotelsgroup.com\/pt-pt\/ferias-em-familia\/\"]}]},{\"@type\":\"ImageObject\",\"inLanguage\":\"pt-PT\",\"@id\":\"https:\/\/www.granderealsantaeulalia.realhotelsgroup.com\/pt-pt\/ferias-em-familia\/#primaryimage\",\"url\":\"https:\/\/www.granderealsantaeulalia.realhotelsgroup.com\/wp-content\/uploads\/sites\/228\/2023\/03\/Kids-Club-2023-Grande-Real-Santa-Eulalia-Hotel-Albufeira.jpg\",\"contentUrl\":\"https:\/\/www.granderealsantaeulalia.realhotelsgroup.com\/wp-content\/uploads\/sites\/228\/2023\/03\/Kids-Club-2023-Grande-Real-Santa-Eulalia-Hotel-Albufeira.jpg\",\"width\":1800,\"height\":1200,\"caption\":\"Kids Club Grande Real Santa Eul\u00e1lia Hotel\"},{\"@type\":\"BreadcrumbList\",\"@id\":\"https:\/\/www.granderealsantaeulalia.realhotelsgroup.com\/pt-pt\/ferias-em-familia\/#breadcrumb\",\"itemListElement\":[{\"@type\":\"ListItem\",\"position\":1,\"name\":\"Home\",\"item\":\"https:\/\/www.granderealsantaeulalia.realhotelsgroup.com\/pt-pt\/\"},{\"@type\":\"ListItem\",\"position\":2,\"name\":\"F\u00e9rias em fam\u00edlia\"}]},{\"@type\":\"WebSite\",\"@id\":\"https:\/\/www.granderealsantaeulalia.realhotelsgroup.com\/pt-pt\/#website\",\"url\":\"https:\/\/www.granderealsantaeulalia.realhotelsgroup.com\/pt-pt\/\",\"name\":\"Grande Real Santa Eul\u00e1lia Resort & Hotel Spa\",\"description\":\"Just another ms.decms.eu site\",\"potentialAction\":[{\"@type\":\"SearchAction\",\"target\":{\"@type\":\"EntryPoint\",\"urlTemplate\":\"https:\/\/www.granderealsantaeulalia.realhotelsgroup.com\/pt-pt\/?s={search_term_string}\"},\"query-input\":{\"@type\":\"PropertyValueSpecification\",\"valueRequired\":true,\"valueName\":\"search_term_string\"}}],\"inLanguage\":\"pt-PT\"}]}<\/script>\n<!-- \/ Yoast SEO plugin. -->","yoast_head_json":{"title":"F\u00e9rias em fam\u00edlia - Grande Real Santa Eul\u00e1lia Resort & Hotel Spa","robots":{"index":"index","follow":"follow","max-snippet":"max-snippet:-1","max-image-preview":"max-image-preview:large","max-video-preview":"max-video-preview:-1"},"canonical":"https:\/\/www.granderealsantaeulalia.realhotelsgroup.com\/pt-pt\/ferias-em-familia\/","og_locale":"pt_PT","og_type":"article","og_title":"F\u00e9rias em fam\u00edlia - Grande Real Santa Eul\u00e1lia Resort & Hotel Spa","og_description":"No Grande Real Santa Eul\u00e1lia Resort &amp; Hotel Spa as suas f\u00e9rias em fam\u00edlia estar\u00e3o repletas de momentos inesquec\u00edveis. Localizado na praia de Santa Eul\u00e1lia em Albufeira, este hotel e resort \u00e9 a op\u00e7\u00e3o ideal para f\u00e9rias no Algarve. Com v\u00e1rios restaurantes e bares, anima\u00e7\u00e3o e acesso directo \u00e0 praia, aqui encontrar\u00e1 todas as comodidades [&hellip;]","og_url":"https:\/\/www.granderealsantaeulalia.realhotelsgroup.com\/pt-pt\/ferias-em-familia\/","og_site_name":"Grande Real Santa Eul\u00e1lia Resort & Hotel Spa","article_modified_time":"2026-03-10T13:13:04+00:00","og_image":[{"width":1800,"height":1200,"url":"https:\/\/www.granderealsantaeulalia.realhotelsgroup.com\/wp-content\/uploads\/sites\/228\/2023\/03\/Kids-Club-2023-Grande-Real-Santa-Eulalia-Hotel-Albufeira.jpg","type":"image\/jpeg"}],"twitter_card":"summary_large_image","twitter_misc":{"Tempo estimado de leitura":"1 minuto"},"schema":{"@context":"https:\/\/schema.org","@graph":[{"@type":"WebPage","@id":"https:\/\/www.granderealsantaeulalia.realhotelsgroup.com\/pt-pt\/ferias-em-familia\/","url":"https:\/\/www.granderealsantaeulalia.realhotelsgroup.com\/pt-pt\/ferias-em-familia\/","name":"F\u00e9rias em fam\u00edlia - Grande Real Santa Eul\u00e1lia Resort & Hotel Spa","isPartOf":{"@id":"https:\/\/www.granderealsantaeulalia.realhotelsgroup.com\/pt-pt\/#website"},"primaryImageOfPage":{"@id":"https:\/\/www.granderealsantaeulalia.realhotelsgroup.com\/pt-pt\/ferias-em-familia\/#primaryimage"},"image":{"@id":"https:\/\/www.granderealsantaeulalia.realhotelsgroup.com\/pt-pt\/ferias-em-familia\/#primaryimage"},"thumbnailUrl":"https:\/\/www.granderealsantaeulalia.realhotelsgroup.com\/wp-content\/uploads\/sites\/228\/2023\/03\/Kids-Club-2023-Grande-Real-Santa-Eulalia-Hotel-Albufeira.jpg","datePublished":"2020-11-26T08:23:15+00:00","dateModified":"2026-03-10T13:13:04+00:00","breadcrumb":{"@id":"https:\/\/www.granderealsantaeulalia.realhotelsgroup.com\/pt-pt\/ferias-em-familia\/#breadcrumb"},"inLanguage":"pt-PT","potentialAction":[{"@type":"ReadAction","target":["https:\/\/www.granderealsantaeulalia.realhotelsgroup.com\/pt-pt\/ferias-em-familia\/"]}]},{"@type":"ImageObject","inLanguage":"pt-PT","@id":"https:\/\/www.granderealsantaeulalia.realhotelsgroup.com\/pt-pt\/ferias-em-familia\/#primaryimage","url":"https:\/\/www.granderealsantaeulalia.realhotelsgroup.com\/wp-content\/uploads\/sites\/228\/2023\/03\/Kids-Club-2023-Grande-Real-Santa-Eulalia-Hotel-Albufeira.jpg","contentUrl":"https:\/\/www.granderealsantaeulalia.realhotelsgroup.com\/wp-content\/uploads\/sites\/228\/2023\/03\/Kids-Club-2023-Grande-Real-Santa-Eulalia-Hotel-Albufeira.jpg","width":1800,"height":1200,"caption":"Kids Club Grande Real Santa Eul\u00e1lia Hotel"},{"@type":"BreadcrumbList","@id":"https:\/\/www.granderealsantaeulalia.realhotelsgroup.com\/pt-pt\/ferias-em-familia\/#breadcrumb","itemListElement":[{"@type":"ListItem","position":1,"name":"Home","item":"https:\/\/www.granderealsantaeulalia.realhotelsgroup.com\/pt-pt\/"},{"@type":"ListItem","position":2,"name":"F\u00e9rias em fam\u00edlia"}]},{"@type":"WebSite","@id":"https:\/\/www.granderealsantaeulalia.realhotelsgroup.com\/pt-pt\/#website","url":"https:\/\/www.granderealsantaeulalia.realhotelsgroup.com\/pt-pt\/","name":"Grande Real Santa Eul\u00e1lia Resort & Hotel Spa","description":"Just another ms.decms.eu site","potentialAction":[{"@type":"SearchAction","target":{"@type":"EntryPoint","urlTemplate":"https:\/\/www.granderealsantaeulalia.realhotelsgroup.com\/pt-pt\/?s={search_term_string}"},"query-input":{"@type":"PropertyValueSpecification","valueRequired":true,"valueName":"search_term_string"}}],"inLanguage":"pt-PT"}]}},"acf":[],"_links":{"self":[{"href":"https:\/\/www.granderealsantaeulalia.realhotelsgroup.com\/pt-pt\/wp-json\/wp\/v2\/pages\/341","targetHints":{"allow":["GET"]}}],"collection":[{"href":"https:\/\/www.granderealsantaeulalia.realhotelsgroup.com\/pt-pt\/wp-json\/wp\/v2\/pages"}],"about":[{"href":"https:\/\/www.granderealsantaeulalia.realhotelsgroup.com\/pt-pt\/wp-json\/wp\/v2\/types\/page"}],"author":[{"embeddable":true,"href":"https:\/\/www.granderealsantaeulalia.realhotelsgroup.com\/pt-pt\/wp-json\/wp\/v2\/users\/3"}],"replies":[{"embeddable":true,"href":"https:\/\/www.granderealsantaeulalia.realhotelsgroup.com\/pt-pt\/wp-json\/wp\/v2\/comments?post=341"}],"version-history":[{"count":0,"href":"https:\/\/www.granderealsantaeulalia.realhotelsgroup.com\/pt-pt\/wp-json\/wp\/v2\/pages\/341\/revisions"}],"wp:featuredmedia":[{"embeddable":true,"href":"https:\/\/www.granderealsantaeulalia.realhotelsgroup.com\/pt-pt\/wp-json\/wp\/v2\/media\/1609"}],"wp:attachment":[{"href":"https:\/\/www.granderealsantaeulalia.realhotelsgroup.com\/pt-pt\/wp-json\/wp\/v2\/media?parent=341"}],"curies":[{"name":"wp","href":"https:\/\/api.w.org\/{rel}","templated":true}]}}