{"id":353,"date":"2020-11-26T09:21:29","date_gmt":"2020-11-26T09:21:29","guid":{"rendered":"http:\/\/grande-real-santa-eulalia-resort-hotel-spa.ms.decms.eu\/?page_id=353"},"modified":"2025-08-25T11:50:53","modified_gmt":"2025-08-25T11:50:53","slug":"casamentos","status":"publish","type":"page","link":"https:\/\/www.granderealsantaeulalia.realhotelsgroup.com\/pt-pt\/reunioes-e-eventos\/casamentos\/","title":{"rendered":"Casamentos"},"content":{"rendered":"<p>Imagine o seu<strong> casamento num hotel 5 estrelas<\/strong> com a envolv\u00eancia da <strong>natureza como pano de fundo<\/strong>. Em frente \u00e0 magn\u00edfica <strong>praia de Santa Eul\u00e1lia<\/strong>, o <strong>Grande Real Santa Eul\u00e1lia Resort &amp; Hotel Spa<\/strong>, em <strong>Albufeira<\/strong>, no <strong>Algarve<\/strong>, \u00e9 o local ideal para realizar um <strong>casamento de sonho<\/strong>.<\/p>\n<p>S\u00e3o v\u00e1rios os espa\u00e7os que temos dispon\u00edveis: <strong>restaurantes<\/strong>, <strong>terra\u00e7os<\/strong>, <strong>jardins<\/strong> e a <strong>discoteca Le Club<\/strong>. Todos os espa\u00e7os podem ser trabalhados e adaptados, funcionando em exclusivo para o seu casamento.<\/p>\n<p>Celebre a cerim\u00f3nia no cimo da praia de Santa Eul\u00e1lia, fa\u00e7a a sua<strong> sess\u00e3o fotogr\u00e1fica \u00e0 beira-mar<\/strong>, saboreie um<strong> cocktail ao p\u00f4r-do-sol<\/strong>, jante com <strong>vista sobre o mar<\/strong> com um menu personalizado e prolongue a festa no Le Club.<\/p>\n<p>Estas s\u00e3o apenas algumas das sugest\u00f5es dos nossos <strong>Wedding Planners<\/strong> que o aconselham e acompanham num dos mais importantes momentos da sua vida.<\/p>\n<p>Visite o nosso\u00a0<strong>site oficial Real Events<\/strong>\u00a0e fique a conhecer estes e outros espa\u00e7os que temos dispon\u00edveis para realizar o seu casamento de sonho.<\/p>\n","protected":false},"excerpt":{"rendered":"<p>Imagine o seu casamento num hotel 5 estrelas com a envolv\u00eancia da natureza como pano de fundo. Em frente \u00e0 magn\u00edfica praia de Santa Eul\u00e1lia, o Grande Real Santa Eul\u00e1lia Resort &amp; Hotel Spa, em Albufeira, no Algarve, \u00e9 o local ideal para realizar um casamento de sonho. S\u00e3o v\u00e1rios os espa\u00e7os que temos dispon\u00edveis: [&hellip;]<\/p>\n","protected":false},"author":3,"featured_media":0,"parent":260,"menu_order":15,"comment_status":"closed","ping_status":"closed","template":"","meta":{"footnotes":""},"class_list":["post-353","page","type-page","status-publish","hentry"],"yoast_head":"<!-- This site is optimized with the Yoast SEO plugin v26.9 - https:\/\/yoast.com\/product\/yoast-seo-wordpress\/ -->\n<title>Casamentos - Grande Real Santa Eul\u00e1lia Resort &amp; Hotel Spa<\/title>\n<meta name=\"robots\" content=\"index, follow, max-snippet:-1, max-image-preview:large, max-video-preview:-1\" \/>\n<link rel=\"canonical\" href=\"https:\/\/www.granderealsantaeulalia.realhotelsgroup.com\/pt-pt\/reunioes-e-eventos\/casamentos\/\" \/>\n<meta property=\"og:locale\" content=\"pt_PT\" \/>\n<meta property=\"og:type\" content=\"article\" \/>\n<meta property=\"og:title\" content=\"Casamentos - Grande Real Santa Eul\u00e1lia Resort &amp; Hotel Spa\" \/>\n<meta property=\"og:description\" content=\"Imagine o seu casamento num hotel 5 estrelas com a envolv\u00eancia da natureza como pano de fundo. Em frente \u00e0 magn\u00edfica praia de Santa Eul\u00e1lia, o Grande Real Santa Eul\u00e1lia Resort &amp; Hotel Spa, em Albufeira, no Algarve, \u00e9 o local ideal para realizar um casamento de sonho. S\u00e3o v\u00e1rios os espa\u00e7os que temos dispon\u00edveis: [&hellip;]\" \/>\n<meta property=\"og:url\" content=\"https:\/\/www.granderealsantaeulalia.realhotelsgroup.com\/pt-pt\/reunioes-e-eventos\/casamentos\/\" \/>\n<meta property=\"og:site_name\" content=\"Grande Real Santa Eul\u00e1lia Resort &amp; Hotel Spa\" \/>\n<meta property=\"article:modified_time\" content=\"2025-08-25T11:50:53+00:00\" \/>\n<meta name=\"twitter:card\" content=\"summary_large_image\" \/>\n<meta name=\"twitter:label1\" content=\"Tempo estimado de leitura\" \/>\n\t<meta name=\"twitter:data1\" content=\"1 minuto\" \/>\n<script type=\"application\/ld+json\" class=\"yoast-schema-graph\">{\"@context\":\"https:\/\/schema.org\",\"@graph\":[{\"@type\":\"WebPage\",\"@id\":\"https:\/\/www.granderealsantaeulalia.realhotelsgroup.com\/pt-pt\/reunioes-e-eventos\/casamentos\/\",\"url\":\"https:\/\/www.granderealsantaeulalia.realhotelsgroup.com\/pt-pt\/reunioes-e-eventos\/casamentos\/\",\"name\":\"Casamentos - Grande Real Santa Eul\u00e1lia Resort & Hotel Spa\",\"isPartOf\":{\"@id\":\"https:\/\/www.granderealsantaeulalia.realhotelsgroup.com\/pt-pt\/#website\"},\"datePublished\":\"2020-11-26T09:21:29+00:00\",\"dateModified\":\"2025-08-25T11:50:53+00:00\",\"breadcrumb\":{\"@id\":\"https:\/\/www.granderealsantaeulalia.realhotelsgroup.com\/pt-pt\/reunioes-e-eventos\/casamentos\/#breadcrumb\"},\"inLanguage\":\"pt-PT\",\"potentialAction\":[{\"@type\":\"ReadAction\",\"target\":[\"https:\/\/www.granderealsantaeulalia.realhotelsgroup.com\/pt-pt\/reunioes-e-eventos\/casamentos\/\"]}]},{\"@type\":\"BreadcrumbList\",\"@id\":\"https:\/\/www.granderealsantaeulalia.realhotelsgroup.com\/pt-pt\/reunioes-e-eventos\/casamentos\/#breadcrumb\",\"itemListElement\":[{\"@type\":\"ListItem\",\"position\":1,\"name\":\"Home\",\"item\":\"https:\/\/www.granderealsantaeulalia.realhotelsgroup.com\/pt-pt\/\"},{\"@type\":\"ListItem\",\"position\":2,\"name\":\"Reuni\u00f5es e Eventos\",\"item\":\"https:\/\/www.granderealsantaeulalia.realhotelsgroup.com\/pt-pt\/reunioes-e-eventos\/\"},{\"@type\":\"ListItem\",\"position\":3,\"name\":\"Casamentos\"}]},{\"@type\":\"WebSite\",\"@id\":\"https:\/\/www.granderealsantaeulalia.realhotelsgroup.com\/pt-pt\/#website\",\"url\":\"https:\/\/www.granderealsantaeulalia.realhotelsgroup.com\/pt-pt\/\",\"name\":\"Grande Real Santa Eul\u00e1lia Resort & Hotel Spa\",\"description\":\"Just another ms.decms.eu site\",\"potentialAction\":[{\"@type\":\"SearchAction\",\"target\":{\"@type\":\"EntryPoint\",\"urlTemplate\":\"https:\/\/www.granderealsantaeulalia.realhotelsgroup.com\/pt-pt\/?s={search_term_string}\"},\"query-input\":{\"@type\":\"PropertyValueSpecification\",\"valueRequired\":true,\"valueName\":\"search_term_string\"}}],\"inLanguage\":\"pt-PT\"}]}<\/script>\n<!-- \/ Yoast SEO plugin. -->","yoast_head_json":{"title":"Casamentos - Grande Real Santa Eul\u00e1lia Resort & Hotel Spa","robots":{"index":"index","follow":"follow","max-snippet":"max-snippet:-1","max-image-preview":"max-image-preview:large","max-video-preview":"max-video-preview:-1"},"canonical":"https:\/\/www.granderealsantaeulalia.realhotelsgroup.com\/pt-pt\/reunioes-e-eventos\/casamentos\/","og_locale":"pt_PT","og_type":"article","og_title":"Casamentos - Grande Real Santa Eul\u00e1lia Resort & Hotel Spa","og_description":"Imagine o seu casamento num hotel 5 estrelas com a envolv\u00eancia da natureza como pano de fundo. Em frente \u00e0 magn\u00edfica praia de Santa Eul\u00e1lia, o Grande Real Santa Eul\u00e1lia Resort &amp; Hotel Spa, em Albufeira, no Algarve, \u00e9 o local ideal para realizar um casamento de sonho. S\u00e3o v\u00e1rios os espa\u00e7os que temos dispon\u00edveis: [&hellip;]","og_url":"https:\/\/www.granderealsantaeulalia.realhotelsgroup.com\/pt-pt\/reunioes-e-eventos\/casamentos\/","og_site_name":"Grande Real Santa Eul\u00e1lia Resort & Hotel Spa","article_modified_time":"2025-08-25T11:50:53+00:00","twitter_card":"summary_large_image","twitter_misc":{"Tempo estimado de leitura":"1 minuto"},"schema":{"@context":"https:\/\/schema.org","@graph":[{"@type":"WebPage","@id":"https:\/\/www.granderealsantaeulalia.realhotelsgroup.com\/pt-pt\/reunioes-e-eventos\/casamentos\/","url":"https:\/\/www.granderealsantaeulalia.realhotelsgroup.com\/pt-pt\/reunioes-e-eventos\/casamentos\/","name":"Casamentos - Grande Real Santa Eul\u00e1lia Resort & Hotel Spa","isPartOf":{"@id":"https:\/\/www.granderealsantaeulalia.realhotelsgroup.com\/pt-pt\/#website"},"datePublished":"2020-11-26T09:21:29+00:00","dateModified":"2025-08-25T11:50:53+00:00","breadcrumb":{"@id":"https:\/\/www.granderealsantaeulalia.realhotelsgroup.com\/pt-pt\/reunioes-e-eventos\/casamentos\/#breadcrumb"},"inLanguage":"pt-PT","potentialAction":[{"@type":"ReadAction","target":["https:\/\/www.granderealsantaeulalia.realhotelsgroup.com\/pt-pt\/reunioes-e-eventos\/casamentos\/"]}]},{"@type":"BreadcrumbList","@id":"https:\/\/www.granderealsantaeulalia.realhotelsgroup.com\/pt-pt\/reunioes-e-eventos\/casamentos\/#breadcrumb","itemListElement":[{"@type":"ListItem","position":1,"name":"Home","item":"https:\/\/www.granderealsantaeulalia.realhotelsgroup.com\/pt-pt\/"},{"@type":"ListItem","position":2,"name":"Reuni\u00f5es e Eventos","item":"https:\/\/www.granderealsantaeulalia.realhotelsgroup.com\/pt-pt\/reunioes-e-eventos\/"},{"@type":"ListItem","position":3,"name":"Casamentos"}]},{"@type":"WebSite","@id":"https:\/\/www.granderealsantaeulalia.realhotelsgroup.com\/pt-pt\/#website","url":"https:\/\/www.granderealsantaeulalia.realhotelsgroup.com\/pt-pt\/","name":"Grande Real Santa Eul\u00e1lia Resort & Hotel Spa","description":"Just another ms.decms.eu site","potentialAction":[{"@type":"SearchAction","target":{"@type":"EntryPoint","urlTemplate":"https:\/\/www.granderealsantaeulalia.realhotelsgroup.com\/pt-pt\/?s={search_term_string}"},"query-input":{"@type":"PropertyValueSpecification","valueRequired":true,"valueName":"search_term_string"}}],"inLanguage":"pt-PT"}]}},"acf":[],"_links":{"self":[{"href":"https:\/\/www.granderealsantaeulalia.realhotelsgroup.com\/pt-pt\/wp-json\/wp\/v2\/pages\/353","targetHints":{"allow":["GET"]}}],"collection":[{"href":"https:\/\/www.granderealsantaeulalia.realhotelsgroup.com\/pt-pt\/wp-json\/wp\/v2\/pages"}],"about":[{"href":"https:\/\/www.granderealsantaeulalia.realhotelsgroup.com\/pt-pt\/wp-json\/wp\/v2\/types\/page"}],"author":[{"embeddable":true,"href":"https:\/\/www.granderealsantaeulalia.realhotelsgroup.com\/pt-pt\/wp-json\/wp\/v2\/users\/3"}],"replies":[{"embeddable":true,"href":"https:\/\/www.granderealsantaeulalia.realhotelsgroup.com\/pt-pt\/wp-json\/wp\/v2\/comments?post=353"}],"version-history":[{"count":0,"href":"https:\/\/www.granderealsantaeulalia.realhotelsgroup.com\/pt-pt\/wp-json\/wp\/v2\/pages\/353\/revisions"}],"up":[{"embeddable":true,"href":"https:\/\/www.granderealsantaeulalia.realhotelsgroup.com\/pt-pt\/wp-json\/wp\/v2\/pages\/260"}],"wp:attachment":[{"href":"https:\/\/www.granderealsantaeulalia.realhotelsgroup.com\/pt-pt\/wp-json\/wp\/v2\/media?parent=353"}],"curies":[{"name":"wp","href":"https:\/\/api.w.org\/{rel}","templated":true}]}}