{"id":578,"date":"2020-12-04T11:05:55","date_gmt":"2020-12-04T11:05:55","guid":{"rendered":"http:\/\/grande-real-santa-eulalia-resort-hotel-spa.ms.decms.eu\/?page_id=578"},"modified":"2026-03-11T14:36:50","modified_gmt":"2026-03-11T14:36:50","slug":"ginasio","status":"publish","type":"page","link":"https:\/\/www.granderealsantaeulalia.realhotelsgroup.com\/pt-pt\/real-spa-therapy\/ginasio\/","title":{"rendered":"Gin\u00e1sio"},"content":{"rendered":"<p data-start=\"0\" data-end=\"177\"><strong>Recentemente renovado para oferecer um ambiente mais luminoso e inspirador, o nosso gin\u00e1sio convida os h\u00f3spedes a manterem-se ativos enquanto desfrutam da sua estadia no resort.<\/strong><\/p>\n<p data-start=\"179\" data-end=\"306\">Equipado com modernas m\u00e1quinas de fitness e pensado para treinos de for\u00e7a e cardio, o espa\u00e7o combina funcionalidade e conforto.<\/p>\n<p data-start=\"308\" data-end=\"511\" data-is-last-node=\"\" data-is-only-node=\"\">Quer esteja a come\u00e7ar o dia com um treino energizante ou a manter a sua rotina enquanto viaja, o novo gin\u00e1sio oferece tudo o que precisa para se movimentar, recarregar energias e sentir-se no seu melhor.<\/p>\n","protected":false},"excerpt":{"rendered":"<p>Recentemente renovado para oferecer um ambiente mais luminoso e inspirador, o nosso gin\u00e1sio convida os h\u00f3spedes a manterem-se ativos enquanto desfrutam da sua estadia no resort. Equipado com modernas m\u00e1quinas de fitness e pensado para treinos de for\u00e7a e cardio, o espa\u00e7o combina funcionalidade e conforto. Quer esteja a come\u00e7ar o dia com um treino [&hellip;]<\/p>\n","protected":false},"author":36,"featured_media":2704,"parent":246,"menu_order":15,"comment_status":"closed","ping_status":"closed","template":"","meta":{"footnotes":""},"class_list":["post-578","page","type-page","status-publish","has-post-thumbnail","hentry"],"yoast_head":"<!-- This site is optimized with the Yoast SEO plugin v26.9 - https:\/\/yoast.com\/product\/yoast-seo-wordpress\/ -->\n<title>Gin\u00e1sio - Grande Real Santa Eul\u00e1lia Resort &amp; Hotel Spa<\/title>\n<meta name=\"robots\" content=\"index, follow, max-snippet:-1, max-image-preview:large, max-video-preview:-1\" \/>\n<link rel=\"canonical\" href=\"https:\/\/www.granderealsantaeulalia.realhotelsgroup.com\/pt-pt\/real-spa-therapy\/ginasio\/\" \/>\n<meta property=\"og:locale\" content=\"pt_PT\" \/>\n<meta property=\"og:type\" content=\"article\" \/>\n<meta property=\"og:title\" content=\"Gin\u00e1sio - Grande Real Santa Eul\u00e1lia Resort &amp; Hotel Spa\" \/>\n<meta property=\"og:description\" content=\"Recentemente renovado para oferecer um ambiente mais luminoso e inspirador, o nosso gin\u00e1sio convida os h\u00f3spedes a manterem-se ativos enquanto desfrutam da sua estadia no resort. Equipado com modernas m\u00e1quinas de fitness e pensado para treinos de for\u00e7a e cardio, o espa\u00e7o combina funcionalidade e conforto. Quer esteja a come\u00e7ar o dia com um treino [&hellip;]\" \/>\n<meta property=\"og:url\" content=\"https:\/\/www.granderealsantaeulalia.realhotelsgroup.com\/pt-pt\/real-spa-therapy\/ginasio\/\" \/>\n<meta property=\"og:site_name\" content=\"Grande Real Santa Eul\u00e1lia Resort &amp; Hotel Spa\" \/>\n<meta property=\"article:modified_time\" content=\"2026-03-11T14:36:50+00:00\" \/>\n<meta property=\"og:image\" content=\"https:\/\/www.granderealsantaeulalia.realhotelsgroup.com\/wp-content\/uploads\/sites\/228\/2026\/03\/Editada-1024x683.png\" \/>\n\t<meta property=\"og:image:width\" content=\"1024\" \/>\n\t<meta property=\"og:image:height\" content=\"683\" \/>\n\t<meta property=\"og:image:type\" content=\"image\/png\" \/>\n<meta name=\"twitter:card\" content=\"summary_large_image\" \/>\n<meta name=\"twitter:label1\" content=\"Tempo estimado de leitura\" \/>\n\t<meta name=\"twitter:data1\" content=\"1 minuto\" \/>\n<script type=\"application\/ld+json\" class=\"yoast-schema-graph\">{\"@context\":\"https:\/\/schema.org\",\"@graph\":[{\"@type\":\"WebPage\",\"@id\":\"https:\/\/www.granderealsantaeulalia.realhotelsgroup.com\/pt-pt\/real-spa-therapy\/ginasio\/\",\"url\":\"https:\/\/www.granderealsantaeulalia.realhotelsgroup.com\/pt-pt\/real-spa-therapy\/ginasio\/\",\"name\":\"Gin\u00e1sio - Grande Real Santa Eul\u00e1lia Resort & Hotel Spa\",\"isPartOf\":{\"@id\":\"https:\/\/www.granderealsantaeulalia.realhotelsgroup.com\/pt-pt\/#website\"},\"primaryImageOfPage\":{\"@id\":\"https:\/\/www.granderealsantaeulalia.realhotelsgroup.com\/pt-pt\/real-spa-therapy\/ginasio\/#primaryimage\"},\"image\":{\"@id\":\"https:\/\/www.granderealsantaeulalia.realhotelsgroup.com\/pt-pt\/real-spa-therapy\/ginasio\/#primaryimage\"},\"thumbnailUrl\":\"https:\/\/www.granderealsantaeulalia.realhotelsgroup.com\/wp-content\/uploads\/sites\/228\/2026\/03\/Editada.png\",\"datePublished\":\"2020-12-04T11:05:55+00:00\",\"dateModified\":\"2026-03-11T14:36:50+00:00\",\"breadcrumb\":{\"@id\":\"https:\/\/www.granderealsantaeulalia.realhotelsgroup.com\/pt-pt\/real-spa-therapy\/ginasio\/#breadcrumb\"},\"inLanguage\":\"pt-PT\",\"potentialAction\":[{\"@type\":\"ReadAction\",\"target\":[\"https:\/\/www.granderealsantaeulalia.realhotelsgroup.com\/pt-pt\/real-spa-therapy\/ginasio\/\"]}]},{\"@type\":\"ImageObject\",\"inLanguage\":\"pt-PT\",\"@id\":\"https:\/\/www.granderealsantaeulalia.realhotelsgroup.com\/pt-pt\/real-spa-therapy\/ginasio\/#primaryimage\",\"url\":\"https:\/\/www.granderealsantaeulalia.realhotelsgroup.com\/wp-content\/uploads\/sites\/228\/2026\/03\/Editada.png\",\"contentUrl\":\"https:\/\/www.granderealsantaeulalia.realhotelsgroup.com\/wp-content\/uploads\/sites\/228\/2026\/03\/Editada.png\",\"width\":1536,\"height\":1024},{\"@type\":\"BreadcrumbList\",\"@id\":\"https:\/\/www.granderealsantaeulalia.realhotelsgroup.com\/pt-pt\/real-spa-therapy\/ginasio\/#breadcrumb\",\"itemListElement\":[{\"@type\":\"ListItem\",\"position\":1,\"name\":\"Home\",\"item\":\"https:\/\/www.granderealsantaeulalia.realhotelsgroup.com\/pt-pt\/\"},{\"@type\":\"ListItem\",\"position\":2,\"name\":\"Real Spa Therapy\",\"item\":\"https:\/\/www.granderealsantaeulalia.realhotelsgroup.com\/pt-pt\/real-spa-therapy\/\"},{\"@type\":\"ListItem\",\"position\":3,\"name\":\"Gin\u00e1sio\"}]},{\"@type\":\"WebSite\",\"@id\":\"https:\/\/www.granderealsantaeulalia.realhotelsgroup.com\/pt-pt\/#website\",\"url\":\"https:\/\/www.granderealsantaeulalia.realhotelsgroup.com\/pt-pt\/\",\"name\":\"Grande Real Santa Eul\u00e1lia Resort & Hotel Spa\",\"description\":\"Just another ms.decms.eu site\",\"potentialAction\":[{\"@type\":\"SearchAction\",\"target\":{\"@type\":\"EntryPoint\",\"urlTemplate\":\"https:\/\/www.granderealsantaeulalia.realhotelsgroup.com\/pt-pt\/?s={search_term_string}\"},\"query-input\":{\"@type\":\"PropertyValueSpecification\",\"valueRequired\":true,\"valueName\":\"search_term_string\"}}],\"inLanguage\":\"pt-PT\"}]}<\/script>\n<!-- \/ Yoast SEO plugin. -->","yoast_head_json":{"title":"Gin\u00e1sio - Grande Real Santa Eul\u00e1lia Resort & Hotel Spa","robots":{"index":"index","follow":"follow","max-snippet":"max-snippet:-1","max-image-preview":"max-image-preview:large","max-video-preview":"max-video-preview:-1"},"canonical":"https:\/\/www.granderealsantaeulalia.realhotelsgroup.com\/pt-pt\/real-spa-therapy\/ginasio\/","og_locale":"pt_PT","og_type":"article","og_title":"Gin\u00e1sio - Grande Real Santa Eul\u00e1lia Resort & Hotel Spa","og_description":"Recentemente renovado para oferecer um ambiente mais luminoso e inspirador, o nosso gin\u00e1sio convida os h\u00f3spedes a manterem-se ativos enquanto desfrutam da sua estadia no resort. Equipado com modernas m\u00e1quinas de fitness e pensado para treinos de for\u00e7a e cardio, o espa\u00e7o combina funcionalidade e conforto. Quer esteja a come\u00e7ar o dia com um treino [&hellip;]","og_url":"https:\/\/www.granderealsantaeulalia.realhotelsgroup.com\/pt-pt\/real-spa-therapy\/ginasio\/","og_site_name":"Grande Real Santa Eul\u00e1lia Resort & Hotel Spa","article_modified_time":"2026-03-11T14:36:50+00:00","og_image":[{"width":1024,"height":683,"url":"https:\/\/www.granderealsantaeulalia.realhotelsgroup.com\/wp-content\/uploads\/sites\/228\/2026\/03\/Editada-1024x683.png","type":"image\/png"}],"twitter_card":"summary_large_image","twitter_misc":{"Tempo estimado de leitura":"1 minuto"},"schema":{"@context":"https:\/\/schema.org","@graph":[{"@type":"WebPage","@id":"https:\/\/www.granderealsantaeulalia.realhotelsgroup.com\/pt-pt\/real-spa-therapy\/ginasio\/","url":"https:\/\/www.granderealsantaeulalia.realhotelsgroup.com\/pt-pt\/real-spa-therapy\/ginasio\/","name":"Gin\u00e1sio - Grande Real Santa Eul\u00e1lia Resort & Hotel Spa","isPartOf":{"@id":"https:\/\/www.granderealsantaeulalia.realhotelsgroup.com\/pt-pt\/#website"},"primaryImageOfPage":{"@id":"https:\/\/www.granderealsantaeulalia.realhotelsgroup.com\/pt-pt\/real-spa-therapy\/ginasio\/#primaryimage"},"image":{"@id":"https:\/\/www.granderealsantaeulalia.realhotelsgroup.com\/pt-pt\/real-spa-therapy\/ginasio\/#primaryimage"},"thumbnailUrl":"https:\/\/www.granderealsantaeulalia.realhotelsgroup.com\/wp-content\/uploads\/sites\/228\/2026\/03\/Editada.png","datePublished":"2020-12-04T11:05:55+00:00","dateModified":"2026-03-11T14:36:50+00:00","breadcrumb":{"@id":"https:\/\/www.granderealsantaeulalia.realhotelsgroup.com\/pt-pt\/real-spa-therapy\/ginasio\/#breadcrumb"},"inLanguage":"pt-PT","potentialAction":[{"@type":"ReadAction","target":["https:\/\/www.granderealsantaeulalia.realhotelsgroup.com\/pt-pt\/real-spa-therapy\/ginasio\/"]}]},{"@type":"ImageObject","inLanguage":"pt-PT","@id":"https:\/\/www.granderealsantaeulalia.realhotelsgroup.com\/pt-pt\/real-spa-therapy\/ginasio\/#primaryimage","url":"https:\/\/www.granderealsantaeulalia.realhotelsgroup.com\/wp-content\/uploads\/sites\/228\/2026\/03\/Editada.png","contentUrl":"https:\/\/www.granderealsantaeulalia.realhotelsgroup.com\/wp-content\/uploads\/sites\/228\/2026\/03\/Editada.png","width":1536,"height":1024},{"@type":"BreadcrumbList","@id":"https:\/\/www.granderealsantaeulalia.realhotelsgroup.com\/pt-pt\/real-spa-therapy\/ginasio\/#breadcrumb","itemListElement":[{"@type":"ListItem","position":1,"name":"Home","item":"https:\/\/www.granderealsantaeulalia.realhotelsgroup.com\/pt-pt\/"},{"@type":"ListItem","position":2,"name":"Real Spa Therapy","item":"https:\/\/www.granderealsantaeulalia.realhotelsgroup.com\/pt-pt\/real-spa-therapy\/"},{"@type":"ListItem","position":3,"name":"Gin\u00e1sio"}]},{"@type":"WebSite","@id":"https:\/\/www.granderealsantaeulalia.realhotelsgroup.com\/pt-pt\/#website","url":"https:\/\/www.granderealsantaeulalia.realhotelsgroup.com\/pt-pt\/","name":"Grande Real Santa Eul\u00e1lia Resort & Hotel Spa","description":"Just another ms.decms.eu site","potentialAction":[{"@type":"SearchAction","target":{"@type":"EntryPoint","urlTemplate":"https:\/\/www.granderealsantaeulalia.realhotelsgroup.com\/pt-pt\/?s={search_term_string}"},"query-input":{"@type":"PropertyValueSpecification","valueRequired":true,"valueName":"search_term_string"}}],"inLanguage":"pt-PT"}]}},"acf":[],"_links":{"self":[{"href":"https:\/\/www.granderealsantaeulalia.realhotelsgroup.com\/pt-pt\/wp-json\/wp\/v2\/pages\/578","targetHints":{"allow":["GET"]}}],"collection":[{"href":"https:\/\/www.granderealsantaeulalia.realhotelsgroup.com\/pt-pt\/wp-json\/wp\/v2\/pages"}],"about":[{"href":"https:\/\/www.granderealsantaeulalia.realhotelsgroup.com\/pt-pt\/wp-json\/wp\/v2\/types\/page"}],"author":[{"embeddable":true,"href":"https:\/\/www.granderealsantaeulalia.realhotelsgroup.com\/pt-pt\/wp-json\/wp\/v2\/users\/36"}],"replies":[{"embeddable":true,"href":"https:\/\/www.granderealsantaeulalia.realhotelsgroup.com\/pt-pt\/wp-json\/wp\/v2\/comments?post=578"}],"version-history":[{"count":0,"href":"https:\/\/www.granderealsantaeulalia.realhotelsgroup.com\/pt-pt\/wp-json\/wp\/v2\/pages\/578\/revisions"}],"up":[{"embeddable":true,"href":"https:\/\/www.granderealsantaeulalia.realhotelsgroup.com\/pt-pt\/wp-json\/wp\/v2\/pages\/246"}],"wp:featuredmedia":[{"embeddable":true,"href":"https:\/\/www.granderealsantaeulalia.realhotelsgroup.com\/pt-pt\/wp-json\/wp\/v2\/media\/2704"}],"wp:attachment":[{"href":"https:\/\/www.granderealsantaeulalia.realhotelsgroup.com\/pt-pt\/wp-json\/wp\/v2\/media?parent=578"}],"curies":[{"name":"wp","href":"https:\/\/api.w.org\/{rel}","templated":true}]}}